{"id":2297,"date":"2024-11-18T17:39:36","date_gmt":"2024-11-18T16:39:36","guid":{"rendered":"https:\/\/www.labretoraya.com\/politica-de-privacidade\/"},"modified":"2025-07-16T08:41:31","modified_gmt":"2025-07-16T06:41:31","slug":"politica-de-privacidade","status":"publish","type":"page","link":"https:\/\/www.labretoraya.com\/pt-pt\/politica-de-privacidade\/","title":{"rendered":"Pol\u00edtica de privacidade"},"content":{"rendered":"\t\t<div data-elementor-type=\"wp-page\" data-elementor-id=\"2297\" class=\"elementor elementor-2297 elementor-3\">\n\t\t\t\t<div class=\"aux-parallax-section elementor-element elementor-element-915bc49 e-flex e-con-boxed e-con e-parent\" data-id=\"915bc49\" data-element_type=\"container\">\n\t\t\t\t\t<div class=\"e-con-inner\">\n\t\t\t\t\t<\/div>\n\t\t\t\t<\/div>\n\t\t<div class=\"aux-parallax-section elementor-element elementor-element-75404153 e-flex e-con-boxed e-con e-parent\" data-id=\"75404153\" data-element_type=\"container\">\n\t\t\t\t\t<div class=\"e-con-inner\">\n\t\t\t\t<div class=\"elementor-element elementor-element-ea1083d elementor-widget elementor-widget-spacer\" data-id=\"ea1083d\" data-element_type=\"widget\" data-widget_type=\"spacer.default\">\n\t\t\t\t<div class=\"elementor-widget-container\">\n\t\t\t\t\t\t\t<div class=\"elementor-spacer\">\n\t\t\t<div class=\"elementor-spacer-inner\"><\/div>\n\t\t<\/div>\n\t\t\t\t\t\t<\/div>\n\t\t\t\t<\/div>\n\t\t<div class=\"elementor-element elementor-element-68e8670 e-con-full e-flex e-con e-child\" data-id=\"68e8670\" data-element_type=\"container\">\n\t\t<div class=\"elementor-element elementor-element-e608ca1 e-grid e-con-full e-con e-child\" data-id=\"e608ca1\" data-element_type=\"container\">\n\t\t\t\t<div class=\"elementor-element elementor-element-d6cbb83 elementor-widget elementor-widget-image\" data-id=\"d6cbb83\" data-element_type=\"widget\" data-widget_type=\"image.default\">\n\t\t\t\t<div class=\"elementor-widget-container\">\n\t\t\t\t\t\t\t\t\t\t\t\t\t\t\t<img fetchpriority=\"high\" decoding=\"async\" width=\"687\" height=\"388\" src=\"https:\/\/www.labretoraya.com\/wp-content\/uploads\/2024\/11\/LOGO-CABECERA.jpg\" class=\"attachment-large size-large wp-image-2136\" alt=\"\" srcset=\"https:\/\/www.labretoraya.com\/wp-content\/uploads\/2024\/11\/LOGO-CABECERA.jpg 687w, https:\/\/www.labretoraya.com\/wp-content\/uploads\/2024\/11\/LOGO-CABECERA-600x339.jpg 600w\" sizes=\"(max-width: 687px) 100vw, 687px\" \/>\t\t\t\t\t\t\t\t\t\t\t\t\t\t\t<\/div>\n\t\t\t\t<\/div>\n\t\t\t\t<\/div>\n\t\t\t\t<\/div>\n\t\t<div class=\"elementor-element elementor-element-6b88f47 e-con-full e-flex e-con e-child\" data-id=\"6b88f47\" data-element_type=\"container\">\n\t\t\t\t<div class=\"elementor-element elementor-element-1c060784 elementor-widget elementor-widget-text-editor\" data-id=\"1c060784\" data-element_type=\"widget\" data-widget_type=\"text-editor.default\">\n\t\t\t\t<div class=\"elementor-widget-container\">\n\t\t\t\t\t\t\t\t\t<p data-start=\"574\" data-end=\"619\"><strong data-start=\"574\" data-end=\"599\">\u00daltima atualiza\u00e7\u00e3o:<\/strong> [16\/07\/2025].<\/p><h2 data-start=\"621\" data-end=\"639\">1. introdu\u00e7\u00e3o<\/h2><p data-start=\"641\" data-end=\"1095\">Bem-vindo ao <a class=\"\" href=\"http:\/\/www.labretoraya.com\" target=\"_new\" rel=\"noopener\" data-start=\"656\" data-end=\"675\">www.labretoraya.com.<\/a> Neste site, levamos muito a s\u00e9rio a privacidade e a prote\u00e7\u00e3o dos dados pessoais dos nossos utilizadores. Cumprimos as disposi\u00e7\u00f5es do Regulamento Geral de Prote\u00e7\u00e3o de Dados (RGPD) (UE) 2016\/679 e da Lei Org\u00e2nica 3\/2018 de Prote\u00e7\u00e3o de Dados e Garantia dos Direitos Digitais (LOPDGDD), garantindo sempre transpar\u00eancia e seguran\u00e7a no uso das informa\u00e7\u00f5es que coletamos.  <\/p><p data-start=\"1097\" data-end=\"1337\">Este s\u00edtio Web faz parte do projeto <strong data-start=\"1137\" data-end=\"1149\">RETORAYA<\/strong>, financiado pela <strong data-start=\"1169\" data-end=\"1217\">Uni\u00e3o Europeia atrav\u00e9s do programa INTERREG<\/strong>, e alguns tratamentos podem estar sujeitos a requisitos de transpar\u00eancia espec\u00edficos decorrentes desse financiamento.<\/p><hr data-start=\"1339\" data-end=\"1342\"><h2 data-start=\"1344\" data-end=\"1386\">2) Controlador de dados<\/h2><ul data-start=\"1388\" data-end=\"1614\"><li data-start=\"1388\" data-end=\"1433\"><p data-start=\"1390\" data-end=\"1433\"><strong data-start=\"1390\" data-end=\"1414\">Organismo respons\u00e1vel:<\/strong> Funda\u00e7\u00e3o INTRAS<\/p><\/li><li data-start=\"1434\" data-end=\"1498\"><p data-start=\"1436\" data-end=\"1498\"><strong data-start=\"1436\" data-end=\"1450\">Endere\u00e7o:<\/strong> C\/ Mart\u00edn Santos Romero, 1 &#8211; 47016 Valladolid<\/p><\/li><li data-start=\"1499\" data-end=\"1555\"><p data-start=\"1501\" data-end=\"1555\"><strong data-start=\"1501\" data-end=\"1536\">Endere\u00e7o eletr\u00f3nico de contacto:<\/strong> <a class=\"cursor-pointer\" rel=\"noopener\" data-start=\"1537\" data-end=\"1553\">intras@intras.es<\/a><\/p><\/li><li data-start=\"1556\" data-end=\"1614\"><p data-start=\"1558\" data-end=\"1614\"><strong data-start=\"1558\" data-end=\"1600\">Respons\u00e1vel pela prote\u00e7\u00e3o de dados (RPD):<\/strong> <a class=\"cursor-pointer\" rel=\"noopener\" data-start=\"1601\" data-end=\"1614\">dpo@intras.es<\/a><\/p><\/li><\/ul><p data-start=\"1616\" data-end=\"1714\">Podes contactar-nos a qualquer momento se tiveres alguma d\u00favida sobre a forma como tratamos os teus dados pessoais.<\/p><hr data-start=\"1716\" data-end=\"1719\"><h2 data-start=\"1721\" data-end=\"1771\">3. Dados pessoais que recolhemos e finalidade<\/h2><p data-start=\"1773\" data-end=\"1982\">Recolhemos dados pessoais atrav\u00e9s dos nossos formul\u00e1rios web para gerir a comunica\u00e7\u00e3o com os utilizadores e facilitar a participa\u00e7\u00e3o no projeto RETORAYA. Os dados que podemos solicitar incluem: <\/p><ul data-start=\"1984\" data-end=\"2086\"><li data-start=\"1984\" data-end=\"2006\"><p data-start=\"1986\" data-end=\"2006\">Nome e apelido<\/p><\/li><li data-start=\"2007\" data-end=\"2029\"><p data-start=\"2009\" data-end=\"2029\">Endere\u00e7o de correio eletr\u00f3nico<\/p><\/li><li data-start=\"2030\" data-end=\"2053\"><p data-start=\"2032\" data-end=\"2053\">Telefone (opcional)<\/p><\/li><li data-start=\"2054\" data-end=\"2086\"><p data-start=\"2056\" data-end=\"2086\">Mensagem ou coment\u00e1rios enviados<\/p><\/li><\/ul><p data-start=\"2088\" data-end=\"2120\"><strong data-start=\"2088\" data-end=\"2119\">Finalidades do tratamento<\/strong>:<\/p><ul data-start=\"2121\" data-end=\"2403\"><li data-start=\"2121\" data-end=\"2174\"><p data-start=\"2123\" data-end=\"2174\">Responde a perguntas e pedidos de informa\u00e7\u00e3o.<\/p><\/li><li data-start=\"2175\" data-end=\"2232\"><p data-start=\"2177\" data-end=\"2232\">Gerir a participa\u00e7\u00e3o nas actividades do projeto.<\/p><\/li><li data-start=\"2233\" data-end=\"2334\"><p data-start=\"2235\" data-end=\"2334\">Enviar informa\u00e7\u00f5es relevantes sobre eventos ou sobre o progresso do projeto (se solicitado pelo utilizador).<\/p><\/li><li data-start=\"2335\" data-end=\"2403\"><p data-start=\"2337\" data-end=\"2403\">Para melhorar a experi\u00eancia de navega\u00e7\u00e3o na Web (utilizando cookies).<\/p><\/li><\/ul><p data-start=\"2405\" data-end=\"2474\"><strong data-start=\"2405\" data-end=\"2474\">Os dados n\u00e3o ser\u00e3o utilizados para fins comerciais n\u00e3o solicitados.<\/strong><\/p><hr data-start=\"2476\" data-end=\"2479\"><h2 data-start=\"2481\" data-end=\"2516\">4. Base jur\u00eddica para o processamento<\/h2><p data-start=\"2518\" data-end=\"2559\">O processamento de dados baseia-se em:<\/p><ul data-start=\"2561\" data-end=\"2887\"><li data-start=\"2561\" data-end=\"2647\"><p data-start=\"2563\" data-end=\"2647\"><strong data-start=\"2563\" data-end=\"2596\">O consentimento do utilizador<\/strong>, concedido atrav\u00e9s da apresenta\u00e7\u00e3o de formul\u00e1rios ou da aceita\u00e7\u00e3o de cookies.<\/p><\/li><li data-start=\"2648\" data-end=\"2766\"><p data-start=\"2650\" data-end=\"2766\"><strong data-start=\"2650\" data-end=\"2693\">O cumprimento das obriga\u00e7\u00f5es legais<\/strong> decorrentes da execu\u00e7\u00e3o e justifica\u00e7\u00e3o do projeto europeu INTERREG.<\/p><\/li><li data-start=\"2767\" data-end=\"2887\"><p data-start=\"2769\" data-end=\"2887\"><strong data-start=\"2769\" data-end=\"2791\">O interesse p\u00fablico<\/strong> como projeto financiado pela UE no dom\u00ednio da coopera\u00e7\u00e3o transfronteiri\u00e7a.<\/p><\/li><\/ul><hr data-start=\"2889\" data-end=\"2892\"><h2 data-start=\"2894\" data-end=\"2944\">5. Transfer\u00eancia de dados e processadores de dados<\/h2><p data-start=\"2946\" data-end=\"3031\">Os teus dados <strong data-start=\"2956\" data-end=\"2999\">n\u00e3o ser\u00e3o vendidos ou transmitidos a terceiros<\/strong>, exceto nos seguintes casos:<\/p><ul data-start=\"3033\" data-end=\"3447\"><li data-start=\"3033\" data-end=\"3151\"><p data-start=\"3035\" data-end=\"3151\">A organismos p\u00fablicos ou da Uni\u00e3o Europeia, quando necess\u00e1rio para justificar a execu\u00e7\u00e3o do projeto RETORAYA.<\/p><\/li><li data-start=\"3152\" data-end=\"3447\"><p data-start=\"3154\" data-end=\"3447\">A <strong data-start=\"3156\" data-end=\"3197\">fornecedores de servi\u00e7os tecnol\u00f3gicos<\/strong> (como servi\u00e7os de alojamento web ou ferramentas de gest\u00e3o de correio eletr\u00f3nico), que actuam como <strong data-start=\"3301\" data-end=\"3331\">processadores de dados<\/strong> em conformidade com o artigo 28\u00ba do RGPD e com os quais foram assinados acordos de confidencialidade e prote\u00e7\u00e3o de dados.<\/p><\/li><\/ul><hr data-start=\"3449\" data-end=\"3452\"><h2 data-start=\"3454\" data-end=\"3490\">6. Transfer\u00eancias internacionais<\/h2><p data-start=\"3492\" data-end=\"3808\"><strong data-start=\"3492\" data-end=\"3551\">N\u00e3o s\u00e3o efectuadas transfer\u00eancias internacionais de dados.<\/strong><br data-start=\"3551\" data-end=\"3554\">No caso de serem utilizadas ferramentas de terceiros localizadas fora do Espa\u00e7o Econ\u00f3mico Europeu (EEE), ser\u00e1 assegurado que estas oferecem um n\u00edvel de prote\u00e7\u00e3o adequado atrav\u00e9s da utiliza\u00e7\u00e3o de cl\u00e1usulas contratuais-tipo ou de outros mecanismos reconhecidos pelo RGPD.<\/p><hr data-start=\"3810\" data-end=\"3813\"><h2 data-start=\"3815\" data-end=\"3846\">7. Conserva\u00e7\u00e3o de dados<\/h2><p data-start=\"3848\" data-end=\"3899\">Os dados pessoais fornecidos ser\u00e3o conservados:<\/p><ul data-start=\"3901\" data-end=\"4221\"><li data-start=\"3901\" data-end=\"3995\"><p data-start=\"3903\" data-end=\"3995\">Apenas durante o tempo necess\u00e1rio para cumprir a finalidade para a qual foram recolhidos.<\/p><\/li><li data-start=\"3996\" data-end=\"4154\"><p data-start=\"3998\" data-end=\"4154\">Durante o per\u00edodo de dura\u00e7\u00e3o do projeto e por um per\u00edodo adicional de <strong data-start=\"4054\" data-end=\"4070\">at\u00e9 5 anos<\/strong> ap\u00f3s a sua conclus\u00e3o, em conformidade com os requisitos de auditoria do programa INTERREG.<\/p><\/li><li data-start=\"4155\" data-end=\"4221\"><p data-start=\"4157\" data-end=\"4221\">Em seguida, ser\u00e3o apagados de forma segura ou tornados an\u00f3nimos.<\/p><\/li><\/ul><hr data-start=\"4223\" data-end=\"4226\"><h2 data-start=\"4228\" data-end=\"4254\">8. Direitos do utilizador<\/h2><p data-start=\"4256\" data-end=\"4287\">Como utilizador, tens o direito de:<\/p><ul data-start=\"4289\" data-end=\"4751\"><li data-start=\"4289\" data-end=\"4322\"><p data-start=\"4291\" data-end=\"4322\">Aceder aos teus dados pessoais.<\/p><\/li><li data-start=\"4323\" data-end=\"4385\"><p data-start=\"4325\" data-end=\"4385\">Solicita a retifica\u00e7\u00e3o de dados inexactos ou incompletos.<\/p><\/li><li data-start=\"4386\" data-end=\"4488\"><p data-start=\"4388\" data-end=\"4488\">Solicitar a elimina\u00e7\u00e3o dos teus dados quando estes j\u00e1 n\u00e3o forem necess\u00e1rios ou quando tiveres retirado o teu consentimento.<\/p><\/li><li data-start=\"4489\" data-end=\"4559\"><p data-start=\"4491\" data-end=\"4559\">opor-se ao tratamento dos teus dados em determinadas circunst\u00e2ncias.<\/p><\/li><li data-start=\"4560\" data-end=\"4628\"><p data-start=\"4562\" data-end=\"4628\">Solicita a portabilidade dos teus dados num formato estruturado.<\/p><\/li><li data-start=\"4629\" data-end=\"4701\"><p data-start=\"4631\" data-end=\"4701\">Limitar o tratamento dos teus dados nos casos previstos na lei.<\/p><\/li><li data-start=\"4702\" data-end=\"4751\"><p data-start=\"4704\" data-end=\"4751\">Retirar o teu consentimento em qualquer altura.<\/p><\/li><\/ul><p data-start=\"4753\" data-end=\"4912\">\ud83d\udcec Podes exercer estes direitos enviando um pedido para: <strong data-start=\"4812\" data-end=\"4829\"><a class=\"cursor-pointer\" rel=\"noopener\" data-start=\"4814\" data-end=\"4827\">dpo@intras.es<\/a><\/strong><br data-start=\"4829\" data-end=\"4832\">Deves incluir o teu nome completo e, se necess\u00e1rio, um comprovativo de identidade.<\/p><p data-start=\"4914\" data-end=\"5104\">Tamb\u00e9m tens o direito de apresentar uma queixa \u00e0 <strong data-start=\"4973\" data-end=\"5023\">Ag\u00eancia Espanhola de Prote\u00e7\u00e3o de Dados (AEPD)<\/strong> se considerares que n\u00e3o trat\u00e1mos devidamente os teus direitos:<br data-start=\"5087\" data-end=\"5090\">\ud83c\udf10 <a class=\"\" href=\"http:\/\/www.aepd.es\" target=\"_new\" rel=\"noopener\" data-start=\"5093\" data-end=\"5104\">www.aepd.es<\/a><\/p><hr data-start=\"5106\" data-end=\"5109\"><h2 data-start=\"5111\" data-end=\"5139\">9. Seguran\u00e7a dos dados<\/h2><p data-start=\"5141\" data-end=\"5409\">Implementamos medidas t\u00e9cnicas e organizacionais adequadas para proteger os teus dados pessoais contra o acesso n\u00e3o autorizado, a perda, a altera\u00e7\u00e3o ou a destrui\u00e7\u00e3o. Utilizamos servidores seguros, liga\u00e7\u00f5es encriptadas (HTTPS), c\u00f3pias de seguran\u00e7a e controlo de acesso restrito. <\/p><hr data-start=\"5411\" data-end=\"5414\"><h2 data-start=\"5416\" data-end=\"5437\">10. Utiliza\u00e7\u00e3o de cookies<\/h2><p data-start=\"5439\" data-end=\"5725\">Este site utiliza cookies pr\u00f3prios e de terceiros para melhorar a tua experi\u00eancia de utilizador e obter estat\u00edsticas de utiliza\u00e7\u00e3o an\u00f3nimas.<br data-start=\"5566\" data-end=\"5569\">Os cookies <strong data-start=\"5581\" data-end=\"5598\">n\u00e3o essenciais<\/strong> s\u00f3 s\u00e3o instalados se o utilizador der o seu consentimento, em conformidade com o artigo 6.1.a do RGPD e o artigo 22.2 da LSSI-CE.<\/p><p data-start=\"5727\" data-end=\"5824\">Podes obter mais informa\u00e7\u00f5es e configurar as tuas prefer\u00eancias na nossa <a class=\"\" href=\"#\" rel=\"noopener\" data-start=\"5799\" data-end=\"5823\">Pol\u00edtica de Cookies<\/a>.<\/p><hr data-start=\"5826\" data-end=\"5829\"><h2 data-start=\"5831\" data-end=\"5862\">11. Altera\u00e7\u00f5es \u00e0 presente pol\u00edtica<\/h2><p data-start=\"5864\" data-end=\"6041\">Reservamo-nos o direito de atualizar esta pol\u00edtica de privacidade para a adaptar a altera\u00e7\u00f5es na regulamenta\u00e7\u00e3o ou ao funcionamento do s\u00edtio. Aconselhamos-te a consult\u00e1-la periodicamente. <\/p><hr data-start=\"6043\" data-end=\"6046\"><h2 data-start=\"6048\" data-end=\"6063\">12. Contacta<\/h2><p data-start=\"6065\" data-end=\"6194\">Se tiveres alguma d\u00favida sobre esta pol\u00edtica de privacidade ou sobre a utiliza\u00e7\u00e3o dos teus dados pessoais, podes contactar-nos atrav\u00e9s de<\/p><p data-start=\"6196\" data-end=\"6271\">\ud83d\udce7 <strong data-start=\"6199\" data-end=\"6216\"><a class=\"cursor-pointer\" rel=\"noopener\" data-start=\"6201\" data-end=\"6214\">dpo@intras.es<\/a><\/strong><br data-start=\"6216\" data-end=\"6219\">\ud83d\udccd <strong data-start=\"6222\" data-end=\"6271\">C\/ Mart\u00edn Santos Romero, 1 &#8211; 47016 Valladolid- Telefone: 0034 983 399 633<\/strong><\/p>\t\t\t\t\t\t\t\t<\/div>\n\t\t\t\t<\/div>\n\t\t\t\t<\/div>\n\t\t\t\t\t<\/div>\n\t\t\t\t<\/div>\n\t\t\t\t<\/div>\n\t\t","protected":false},"excerpt":{"rendered":"<p>\u00daltima atualiza\u00e7\u00e3o: [16\/07\/2025]. 1. introdu\u00e7\u00e3o Bem-vindo ao www.labretoraya.com. Neste site, levamos muito a s\u00e9rio a privacidade e a prote\u00e7\u00e3o dos dados pessoais dos nossos utilizadores. Cumprimos as disposi\u00e7\u00f5es do Regulamento Geral de Prote\u00e7\u00e3o de Dados (RGPD) (UE) 2016\/679 e da Lei Org\u00e2nica 3\/2018 de Prote\u00e7\u00e3o de Dados e Garantia dos Direitos Digitais (LOPDGDD), garantindo sempre [&hellip;]<\/p>\n","protected":false},"author":1,"featured_media":0,"parent":0,"menu_order":0,"comment_status":"closed","ping_status":"open","template":"","meta":{"footnotes":""},"class_list":["post-2297","page","type-page","status-publish","hentry"],"yoast_head":"<!-- This site is optimized with the Yoast SEO plugin v25.9 - https:\/\/yoast.com\/wordpress\/plugins\/seo\/ -->\n<title>Pol\u00edtica de privacidade -<\/title>\n<meta name=\"description\" content=\"Explicamos como labretoraya.com utiliza e protege as informa\u00e7\u00f5es pessoais dos utilizadores deste s\u00edtio Web.\" \/>\n<meta name=\"robots\" content=\"index, follow, max-snippet:-1, max-image-preview:large, max-video-preview:-1\" \/>\n<link rel=\"canonical\" href=\"https:\/\/www.labretoraya.com\/pt-pt\/politica-de-privacidade\/\" \/>\n<meta property=\"og:locale\" content=\"pt_PT\" \/>\n<meta property=\"og:type\" content=\"article\" \/>\n<meta property=\"og:title\" content=\"Pol\u00edtica de privacidade -\" \/>\n<meta property=\"og:description\" content=\"Explicamos como labretoraya.com utiliza e protege as informa\u00e7\u00f5es pessoais dos utilizadores deste s\u00edtio Web.\" \/>\n<meta property=\"og:url\" content=\"https:\/\/www.labretoraya.com\/pt-pt\/politica-de-privacidade\/\" \/>\n<meta property=\"article:modified_time\" content=\"2025-07-16T06:41:31+00:00\" \/>\n<meta property=\"og:image\" content=\"https:\/\/www.labretoraya.com\/wp-content\/uploads\/2024\/11\/LOGO-CABECERA.jpg\" \/>\n\t<meta property=\"og:image:width\" content=\"687\" \/>\n\t<meta property=\"og:image:height\" content=\"388\" \/>\n\t<meta property=\"og:image:type\" content=\"image\/jpeg\" \/>\n<meta name=\"twitter:card\" content=\"summary_large_image\" \/>\n<meta name=\"twitter:label1\" content=\"Tempo estimado de leitura\" \/>\n\t<meta name=\"twitter:data1\" content=\"4 minutos\" \/>\n<script type=\"application\/ld+json\" class=\"yoast-schema-graph\">{\"@context\":\"https:\/\/schema.org\",\"@graph\":[{\"@type\":\"WebPage\",\"@id\":\"https:\/\/www.labretoraya.com\/pt-pt\/politica-de-privacidade\/\",\"url\":\"https:\/\/www.labretoraya.com\/pt-pt\/politica-de-privacidade\/\",\"name\":\"Pol\u00edtica de privacidade -\",\"isPartOf\":{\"@id\":\"https:\/\/www.labretoraya.com\/pt-pt\/#website\"},\"primaryImageOfPage\":{\"@id\":\"https:\/\/www.labretoraya.com\/pt-pt\/politica-de-privacidade\/#primaryimage\"},\"image\":{\"@id\":\"https:\/\/www.labretoraya.com\/pt-pt\/politica-de-privacidade\/#primaryimage\"},\"thumbnailUrl\":\"https:\/\/www.labretoraya.com\/wp-content\/uploads\/2024\/11\/LOGO-CABECERA.jpg\",\"datePublished\":\"2024-11-18T16:39:36+00:00\",\"dateModified\":\"2025-07-16T06:41:31+00:00\",\"description\":\"Explicamos como labretoraya.com utiliza e protege as informa\u00e7\u00f5es pessoais dos utilizadores deste s\u00edtio Web.\",\"breadcrumb\":{\"@id\":\"https:\/\/www.labretoraya.com\/pt-pt\/politica-de-privacidade\/#breadcrumb\"},\"inLanguage\":\"pt-PT\",\"potentialAction\":[{\"@type\":\"ReadAction\",\"target\":[\"https:\/\/www.labretoraya.com\/pt-pt\/politica-de-privacidade\/\"]}]},{\"@type\":\"ImageObject\",\"inLanguage\":\"pt-PT\",\"@id\":\"https:\/\/www.labretoraya.com\/pt-pt\/politica-de-privacidade\/#primaryimage\",\"url\":\"https:\/\/www.labretoraya.com\/wp-content\/uploads\/2024\/11\/LOGO-CABECERA.jpg\",\"contentUrl\":\"https:\/\/www.labretoraya.com\/wp-content\/uploads\/2024\/11\/LOGO-CABECERA.jpg\"},{\"@type\":\"BreadcrumbList\",\"@id\":\"https:\/\/www.labretoraya.com\/pt-pt\/politica-de-privacidade\/#breadcrumb\",\"itemListElement\":[{\"@type\":\"ListItem\",\"position\":1,\"name\":\"Inicio\",\"item\":\"https:\/\/www.labretoraya.com\/pt-pt\/\"},{\"@type\":\"ListItem\",\"position\":2,\"name\":\"Pol\u00edtica de privacidade\"}]},{\"@type\":\"WebSite\",\"@id\":\"https:\/\/www.labretoraya.com\/pt-pt\/#website\",\"url\":\"https:\/\/www.labretoraya.com\/pt-pt\/\",\"name\":\"\",\"description\":\"\",\"potentialAction\":[{\"@type\":\"SearchAction\",\"target\":{\"@type\":\"EntryPoint\",\"urlTemplate\":\"https:\/\/www.labretoraya.com\/pt-pt\/?s={search_term_string}\"},\"query-input\":{\"@type\":\"PropertyValueSpecification\",\"valueRequired\":true,\"valueName\":\"search_term_string\"}}],\"inLanguage\":\"pt-PT\"}]}<\/script>\n<!-- \/ Yoast SEO plugin. -->","yoast_head_json":{"title":"Pol\u00edtica de privacidade -","description":"Explicamos como labretoraya.com utiliza e protege as informa\u00e7\u00f5es pessoais dos utilizadores deste s\u00edtio Web.","robots":{"index":"index","follow":"follow","max-snippet":"max-snippet:-1","max-image-preview":"max-image-preview:large","max-video-preview":"max-video-preview:-1"},"canonical":"https:\/\/www.labretoraya.com\/pt-pt\/politica-de-privacidade\/","og_locale":"pt_PT","og_type":"article","og_title":"Pol\u00edtica de privacidade -","og_description":"Explicamos como labretoraya.com utiliza e protege as informa\u00e7\u00f5es pessoais dos utilizadores deste s\u00edtio Web.","og_url":"https:\/\/www.labretoraya.com\/pt-pt\/politica-de-privacidade\/","article_modified_time":"2025-07-16T06:41:31+00:00","og_image":[{"width":687,"height":388,"url":"https:\/\/www.labretoraya.com\/wp-content\/uploads\/2024\/11\/LOGO-CABECERA.jpg","type":"image\/jpeg"}],"twitter_card":"summary_large_image","twitter_misc":{"Tempo estimado de leitura":"4 minutos"},"schema":{"@context":"https:\/\/schema.org","@graph":[{"@type":"WebPage","@id":"https:\/\/www.labretoraya.com\/pt-pt\/politica-de-privacidade\/","url":"https:\/\/www.labretoraya.com\/pt-pt\/politica-de-privacidade\/","name":"Pol\u00edtica de privacidade -","isPartOf":{"@id":"https:\/\/www.labretoraya.com\/pt-pt\/#website"},"primaryImageOfPage":{"@id":"https:\/\/www.labretoraya.com\/pt-pt\/politica-de-privacidade\/#primaryimage"},"image":{"@id":"https:\/\/www.labretoraya.com\/pt-pt\/politica-de-privacidade\/#primaryimage"},"thumbnailUrl":"https:\/\/www.labretoraya.com\/wp-content\/uploads\/2024\/11\/LOGO-CABECERA.jpg","datePublished":"2024-11-18T16:39:36+00:00","dateModified":"2025-07-16T06:41:31+00:00","description":"Explicamos como labretoraya.com utiliza e protege as informa\u00e7\u00f5es pessoais dos utilizadores deste s\u00edtio Web.","breadcrumb":{"@id":"https:\/\/www.labretoraya.com\/pt-pt\/politica-de-privacidade\/#breadcrumb"},"inLanguage":"pt-PT","potentialAction":[{"@type":"ReadAction","target":["https:\/\/www.labretoraya.com\/pt-pt\/politica-de-privacidade\/"]}]},{"@type":"ImageObject","inLanguage":"pt-PT","@id":"https:\/\/www.labretoraya.com\/pt-pt\/politica-de-privacidade\/#primaryimage","url":"https:\/\/www.labretoraya.com\/wp-content\/uploads\/2024\/11\/LOGO-CABECERA.jpg","contentUrl":"https:\/\/www.labretoraya.com\/wp-content\/uploads\/2024\/11\/LOGO-CABECERA.jpg"},{"@type":"BreadcrumbList","@id":"https:\/\/www.labretoraya.com\/pt-pt\/politica-de-privacidade\/#breadcrumb","itemListElement":[{"@type":"ListItem","position":1,"name":"Inicio","item":"https:\/\/www.labretoraya.com\/pt-pt\/"},{"@type":"ListItem","position":2,"name":"Pol\u00edtica de privacidade"}]},{"@type":"WebSite","@id":"https:\/\/www.labretoraya.com\/pt-pt\/#website","url":"https:\/\/www.labretoraya.com\/pt-pt\/","name":"","description":"","potentialAction":[{"@type":"SearchAction","target":{"@type":"EntryPoint","urlTemplate":"https:\/\/www.labretoraya.com\/pt-pt\/?s={search_term_string}"},"query-input":{"@type":"PropertyValueSpecification","valueRequired":true,"valueName":"search_term_string"}}],"inLanguage":"pt-PT"}]}},"_links":{"self":[{"href":"https:\/\/www.labretoraya.com\/pt-pt\/wp-json\/wp\/v2\/pages\/2297","targetHints":{"allow":["GET"]}}],"collection":[{"href":"https:\/\/www.labretoraya.com\/pt-pt\/wp-json\/wp\/v2\/pages"}],"about":[{"href":"https:\/\/www.labretoraya.com\/pt-pt\/wp-json\/wp\/v2\/types\/page"}],"author":[{"embeddable":true,"href":"https:\/\/www.labretoraya.com\/pt-pt\/wp-json\/wp\/v2\/users\/1"}],"replies":[{"embeddable":true,"href":"https:\/\/www.labretoraya.com\/pt-pt\/wp-json\/wp\/v2\/comments?post=2297"}],"version-history":[{"count":5,"href":"https:\/\/www.labretoraya.com\/pt-pt\/wp-json\/wp\/v2\/pages\/2297\/revisions"}],"predecessor-version":[{"id":3251,"href":"https:\/\/www.labretoraya.com\/pt-pt\/wp-json\/wp\/v2\/pages\/2297\/revisions\/3251"}],"wp:attachment":[{"href":"https:\/\/www.labretoraya.com\/pt-pt\/wp-json\/wp\/v2\/media?parent=2297"}],"curies":[{"name":"wp","href":"https:\/\/api.w.org\/{rel}","templated":true}]}}