{"id":2486,"date":"2025-03-03T09:25:51","date_gmt":"2025-03-03T08:25:51","guid":{"rendered":"https:\/\/www.labretoraya.com\/provincia-de-zamora\/"},"modified":"2025-05-27T16:57:07","modified_gmt":"2025-05-27T14:57:07","slug":"provincia-de-zamora","status":"publish","type":"page","link":"https:\/\/www.labretoraya.com\/pt-pt\/provincia-de-zamora\/","title":{"rendered":"Prov\u00edncia de ZAMORA"},"content":{"rendered":"\t\t<div data-elementor-type=\"wp-page\" data-elementor-id=\"2486\" class=\"elementor elementor-2486 elementor-1556\">\n\t\t\t\t<div class=\"aux-parallax-section elementor-element elementor-element-aef1073 e-con-full e-flex e-con e-parent\" data-id=\"aef1073\" data-element_type=\"container\">\n\t\t\t\t<\/div>\n\t\t<div class=\"aux-parallax-section elementor-element elementor-element-e013d8c e-con-full e-flex e-con e-parent\" data-id=\"e013d8c\" data-element_type=\"container\" data-settings=\"{&quot;background_background&quot;:&quot;classic&quot;}\">\n\t\t<div class=\"elementor-element elementor-element-e35bec5 e-flex e-con-boxed e-con e-child\" data-id=\"e35bec5\" data-element_type=\"container\" data-settings=\"{&quot;background_background&quot;:&quot;classic&quot;}\">\n\t\t\t\t\t<div class=\"e-con-inner\">\n\t\t\t\t<div class=\"elementor-element elementor-element-807ae29 elementor-widget elementor-widget-spacer\" data-id=\"807ae29\" data-element_type=\"widget\" data-widget_type=\"spacer.default\">\n\t\t\t\t<div class=\"elementor-widget-container\">\n\t\t\t\t\t\t\t<div class=\"elementor-spacer\">\n\t\t\t<div class=\"elementor-spacer-inner\"><\/div>\n\t\t<\/div>\n\t\t\t\t\t\t<\/div>\n\t\t\t\t<\/div>\n\t\t\t\t\t<\/div>\n\t\t\t\t<\/div>\n\t\t<div class=\"elementor-element elementor-element-07751a8 e-con-full e-flex e-con e-child\" data-id=\"07751a8\" data-element_type=\"container\">\n\t\t<div class=\"elementor-element elementor-element-03a2383 e-con-full e-flex e-con e-child\" data-id=\"03a2383\" data-element_type=\"container\">\n\t\t\t\t<div class=\"elementor-element elementor-element-ca0764a elementor-widget elementor-widget-heading\" data-id=\"ca0764a\" data-element_type=\"widget\" data-widget_type=\"heading.default\">\n\t\t\t\t<div class=\"elementor-widget-container\">\n\t\t\t\t\t<h1 class=\"elementor-heading-title elementor-size-default\">ZAMORA<\/h1>\t\t\t\t<\/div>\n\t\t\t\t<\/div>\n\t\t\t\t<div class=\"elementor-element elementor-element-d3bf742 elementor-widget__width-initial elementor-widget elementor-widget-text-editor\" data-id=\"d3bf742\" data-element_type=\"widget\" data-widget_type=\"text-editor.default\">\n\t\t\t\t<div class=\"elementor-widget-container\">\n\t\t\t\t\t\t\t\t\t<p style=\"text-align: center;\">Nesta sec\u00e7\u00e3o, encontrar\u00e1 informa\u00e7\u00f5es \u00fateis sobre a prov\u00edncia de Zamora: o seu territ\u00f3rio, os servi\u00e7os dispon\u00edveis, oportunidades de emprego, habita\u00e7\u00e3o e muito mais.\nSe est\u00e1 a pensar estabelecer-se na zona, n\u00e3o hesite em contactar-nos atrav\u00e9s do formul\u00e1rio correspondente ou ligue para o n\u00famero <b>+34 608 38 67 59<\/b>. Teremos todo o gosto em ajudar. <\/p>\t\t\t\t\t\t\t\t<\/div>\n\t\t\t\t<\/div>\n\t\t\t\t<\/div>\n\t\t<div class=\"elementor-element elementor-element-f44d548 e-grid e-con-full e-con e-child\" data-id=\"f44d548\" data-element_type=\"container\">\n\t\t\t\t<div class=\"elementor-element elementor-element-211466a elementor-widget__width-initial elementor-widget elementor-widget-button\" data-id=\"211466a\" data-element_type=\"widget\" data-widget_type=\"button.default\">\n\t\t\t\t<div class=\"elementor-widget-container\">\n\t\t\t\t\t\t\t\t\t<div class=\"elementor-button-wrapper\">\n\t\t\t\t\t<a class=\"elementor-button elementor-button-link elementor-size-sm\" href=\"https:\/\/www.labretoraya.com\/pt-pt\/viver-em-zamora\/\">\n\t\t\t\t\t\t<span class=\"elementor-button-content-wrapper\">\n\t\t\t\t\t\t\t\t\t<span class=\"elementor-button-text\">Quero estabelecer-me na prov\u00edncia de Zamora<\/span>\n\t\t\t\t\t<\/span>\n\t\t\t\t\t<\/a>\n\t\t\t\t<\/div>\n\t\t\t\t\t\t\t\t<\/div>\n\t\t\t\t<\/div>\n\t\t\t\t<div class=\"elementor-element elementor-element-a500566 elementor-invisible elementor-widget elementor-widget-image\" data-id=\"a500566\" data-element_type=\"widget\" data-settings=\"{&quot;_animation&quot;:&quot;bounceIn&quot;}\" data-widget_type=\"image.default\">\n\t\t\t\t<div class=\"elementor-widget-container\">\n\t\t\t\t\t\t\t\t\t\t\t\t\t\t\t<img fetchpriority=\"high\" decoding=\"async\" width=\"304\" height=\"249\" src=\"https:\/\/www.labretoraya.com\/wp-content\/uploads\/2024\/11\/zamora.png\" class=\"elementor-animation-pulse-grow attachment-large size-large wp-image-2147\" alt=\"\" \/>\t\t\t\t\t\t\t\t\t\t\t\t\t\t\t<\/div>\n\t\t\t\t<\/div>\n\t\t\t\t<div class=\"elementor-element elementor-element-6990d11 elementor-align-center elementor-widget__width-initial elementor-widget elementor-widget-button\" data-id=\"6990d11\" data-element_type=\"widget\" data-widget_type=\"button.default\">\n\t\t\t\t<div class=\"elementor-widget-container\">\n\t\t\t\t\t\t\t\t\t<div class=\"elementor-button-wrapper\">\n\t\t\t\t\t<a class=\"elementor-button elementor-button-link elementor-size-sm\" href=\"https:\/\/www.labretoraya.com\/pt-pt\/colaboracao-com-retoraya-zamora\/\">\n\t\t\t\t\t\t<span class=\"elementor-button-content-wrapper\">\n\t\t\t\t\t\t\t\t\t<span class=\"elementor-button-text\">Quero colaborar com o projeto RETORAYA<\/span>\n\t\t\t\t\t<\/span>\n\t\t\t\t\t<\/a>\n\t\t\t\t<\/div>\n\t\t\t\t\t\t\t\t<\/div>\n\t\t\t\t<\/div>\n\t\t\t\t<\/div>\n\t\t\t\t<\/div>\n\t\t<div class=\"elementor-element elementor-element-c524669 e-flex e-con-boxed e-con e-child\" data-id=\"c524669\" data-element_type=\"container\">\n\t\t\t\t\t<div class=\"e-con-inner\">\n\t\t\t\t<div class=\"elementor-element elementor-element-638be26 elementor-widget elementor-widget-spacer\" data-id=\"638be26\" data-element_type=\"widget\" data-widget_type=\"spacer.default\">\n\t\t\t\t<div class=\"elementor-widget-container\">\n\t\t\t\t\t\t\t<div class=\"elementor-spacer\">\n\t\t\t<div class=\"elementor-spacer-inner\"><\/div>\n\t\t<\/div>\n\t\t\t\t\t\t<\/div>\n\t\t\t\t<\/div>\n\t\t\t\t\t<\/div>\n\t\t\t\t<\/div>\n\t\t\t\t<\/div>\n\t\t<div class=\"aux-parallax-section elementor-element elementor-element-97d66f5 e-con-full e-flex e-con e-parent\" data-id=\"97d66f5\" data-element_type=\"container\">\n\t\t\t\t<\/div>\n\t\t<div class=\"aux-parallax-section elementor-element elementor-element-b26df5e e-flex e-con-boxed e-con e-parent\" data-id=\"b26df5e\" data-element_type=\"container\">\n\t\t\t\t\t<div class=\"e-con-inner\">\n\t\t<div class=\"elementor-element elementor-element-2ca9d9b e-con-full e-flex e-con e-child\" data-id=\"2ca9d9b\" data-element_type=\"container\">\n\t\t<div class=\"elementor-element elementor-element-a8acd58 e-con-full e-flex e-con e-child\" data-id=\"a8acd58\" data-element_type=\"container\">\n\t\t\t\t<div class=\"elementor-element elementor-element-f8663cf elementor-widget elementor-widget-aux_breadcrumbs\" data-id=\"f8663cf\" data-element_type=\"widget\" data-widget_type=\"aux_breadcrumbs.default\">\n\t\t\t\t<div class=\"elementor-widget-container\">\n\t\t\t\t\t<div class=\"aux-elementor-breadcrumbs\"><p class=\"aux-breadcrumbs\"><span><span><a href=\"https:\/\/www.labretoraya.com\/pt-pt\/\">Inicio<\/a><\/span><\/span><\/p><\/div>\t\t\t\t<\/div>\n\t\t\t\t<\/div>\n\t\t\t\t<\/div>\n\t\t\t\t<\/div>\n\t\t\t\t\t<\/div>\n\t\t\t\t<\/div>\n\t\t<div class=\"aux-parallax-section elementor-element elementor-element-62feab4 e-flex e-con-boxed e-con e-parent\" data-id=\"62feab4\" data-element_type=\"container\">\n\t\t\t\t\t<div class=\"e-con-inner\">\n\t\t\t\t<div class=\"elementor-element elementor-element-a602a65 elementor-widget-divider--view-line elementor-widget elementor-widget-divider\" data-id=\"a602a65\" data-element_type=\"widget\" data-widget_type=\"divider.default\">\n\t\t\t\t<div class=\"elementor-widget-container\">\n\t\t\t\t\t\t\t<div class=\"elementor-divider\">\n\t\t\t<span class=\"elementor-divider-separator\">\n\t\t\t\t\t\t<\/span>\n\t\t<\/div>\n\t\t\t\t\t\t<\/div>\n\t\t\t\t<\/div>\n\t\t\t\t\t<\/div>\n\t\t\t\t<\/div>\n\t\t<div class=\"aux-parallax-section elementor-element elementor-element-5e5dbc1 e-flex e-con-boxed e-con e-parent\" data-id=\"5e5dbc1\" data-element_type=\"container\">\n\t\t\t\t\t<div class=\"e-con-inner\">\n\t\t<div class=\"elementor-element elementor-element-76a9654 e-con-full e-flex e-con e-child\" data-id=\"76a9654\" data-element_type=\"container\">\n\t\t<div class=\"elementor-element elementor-element-0d3197e e-con-full e-flex e-con e-child\" data-id=\"0d3197e\" data-element_type=\"container\">\n\t\t<div class=\"elementor-element elementor-element-56a2185 e-con-full e-flex e-con e-child\" data-id=\"56a2185\" data-element_type=\"container\">\n\t\t\t\t<div class=\"elementor-element elementor-element-890db3a elementor-widget__width-initial elementor-widget-tablet__width-initial elementor-widget elementor-widget-text-editor\" data-id=\"890db3a\" data-element_type=\"widget\" data-widget_type=\"text-editor.default\">\n\t\t\t\t<div class=\"elementor-widget-container\">\n\t\t\t\t\t\t\t\t\t<p><span data-contrast=\"auto\"><strong>Zamora \u00e9 uma prov\u00edncia cheia de autenticidade<\/strong>, onde a tranquilidade das paisagens naturais se conjuga com um rico patrim\u00f3nio cultural e uma comunidade pr\u00f3xima e acolhedora. Desde as impressionantes Arribas do Douro at\u00e9 \u00e0 Serra da Culebra e ao majestoso Lago de Sanabria, cada regi\u00e3o tem algo \u00fanico para oferecer. <\/span><span data-ccp-props=\"{}\"> <\/span><span style=\"font-size: 16.0016px; text-align: var(--text-align);\"> <\/span><\/p><p><span data-contrast=\"auto\">Queremos ouvi-lo, conhec\u00ea-lo e, juntos, construir uma comunidade mais forte e unida.<\/span><span data-ccp-props=\"{}\"> <\/span><\/p><p><strong>Pronto para descobrir tudo o que Zamora tem reservado para si? <\/strong><\/p>\t\t\t\t\t\t\t\t<\/div>\n\t\t\t\t<\/div>\n\t\t\t\t<\/div>\n\t\t<div class=\"elementor-element elementor-element-c1abe8c e-con-full e-flex e-con e-child\" data-id=\"c1abe8c\" data-element_type=\"container\">\n\t\t\t\t<div class=\"elementor-element elementor-element-b2b3242 elementor-widget__width-initial elementor-widget elementor-widget-image\" data-id=\"b2b3242\" data-element_type=\"widget\" data-widget_type=\"image.default\">\n\t\t\t\t<div class=\"elementor-widget-container\">\n\t\t\t\t\t\t\t\t\t\t\t\t\t\t\t<img decoding=\"async\" width=\"1241\" height=\"967\" src=\"https:\/\/www.labretoraya.com\/wp-content\/uploads\/2025\/03\/mapa-ZAMORA.gif\" class=\"attachment-full size-full wp-image-2289\" alt=\"\" \/>\t\t\t\t\t\t\t\t\t\t\t\t\t\t\t<\/div>\n\t\t\t\t<\/div>\n\t\t\t\t<\/div>\n\t\t\t\t<\/div>\n\t\t\t\t<\/div>\n\t\t\t\t\t<\/div>\n\t\t\t\t<\/div>\n\t\t\t\t<\/div>\n\t\t","protected":false},"excerpt":{"rendered":"<p>ZAMORA Nesta sec\u00e7\u00e3o, encontrar\u00e1 informa\u00e7\u00f5es \u00fateis sobre a prov\u00edncia de Zamora: o seu territ\u00f3rio, os servi\u00e7os dispon\u00edveis, oportunidades de emprego, habita\u00e7\u00e3o e muito mais. Se est\u00e1 a pensar estabelecer-se na zona, n\u00e3o hesite em contactar-nos atrav\u00e9s do formul\u00e1rio correspondente ou ligue para o n\u00famero +34 608 38 67 59. Teremos todo o gosto em ajudar. [&hellip;]<\/p>\n","protected":false},"author":1,"featured_media":0,"parent":0,"menu_order":0,"comment_status":"closed","ping_status":"closed","template":"","meta":{"footnotes":""},"class_list":["post-2486","page","type-page","status-publish","hentry"],"yoast_head":"<!-- This site is optimized with the Yoast SEO plugin v25.9 - https:\/\/yoast.com\/wordpress\/plugins\/seo\/ -->\n<title>Prov\u00edncia de ZAMORA -<\/title>\n<meta name=\"robots\" content=\"index, follow, max-snippet:-1, max-image-preview:large, max-video-preview:-1\" \/>\n<link rel=\"canonical\" href=\"https:\/\/www.labretoraya.com\/pt-pt\/provincia-de-zamora\/\" \/>\n<meta property=\"og:locale\" content=\"pt_PT\" \/>\n<meta property=\"og:type\" content=\"article\" \/>\n<meta property=\"og:title\" content=\"Prov\u00edncia de ZAMORA -\" \/>\n<meta property=\"og:description\" content=\"ZAMORA Nesta sec\u00e7\u00e3o, encontrar\u00e1 informa\u00e7\u00f5es \u00fateis sobre a prov\u00edncia de Zamora: o seu territ\u00f3rio, os servi\u00e7os dispon\u00edveis, oportunidades de emprego, habita\u00e7\u00e3o e muito mais. Se est\u00e1 a pensar estabelecer-se na zona, n\u00e3o hesite em contactar-nos atrav\u00e9s do formul\u00e1rio correspondente ou ligue para o n\u00famero +34 608 38 67 59. Teremos todo o gosto em ajudar. [&hellip;]\" \/>\n<meta property=\"og:url\" content=\"https:\/\/www.labretoraya.com\/pt-pt\/provincia-de-zamora\/\" \/>\n<meta property=\"article:modified_time\" content=\"2025-05-27T14:57:07+00:00\" \/>\n<meta property=\"og:image\" content=\"https:\/\/www.labretoraya.com\/wp-content\/uploads\/2024\/11\/zamora.png\" \/>\n\t<meta property=\"og:image:width\" content=\"304\" \/>\n\t<meta property=\"og:image:height\" content=\"249\" \/>\n\t<meta property=\"og:image:type\" content=\"image\/png\" \/>\n<meta name=\"twitter:card\" content=\"summary_large_image\" \/>\n<meta name=\"twitter:label1\" content=\"Tempo estimado de leitura\" \/>\n\t<meta name=\"twitter:data1\" content=\"1 minuto\" \/>\n<script type=\"application\/ld+json\" class=\"yoast-schema-graph\">{\"@context\":\"https:\/\/schema.org\",\"@graph\":[{\"@type\":\"WebPage\",\"@id\":\"https:\/\/www.labretoraya.com\/pt-pt\/provincia-de-zamora\/\",\"url\":\"https:\/\/www.labretoraya.com\/pt-pt\/provincia-de-zamora\/\",\"name\":\"Prov\u00edncia de ZAMORA -\",\"isPartOf\":{\"@id\":\"https:\/\/www.labretoraya.com\/pt-pt\/#website\"},\"primaryImageOfPage\":{\"@id\":\"https:\/\/www.labretoraya.com\/pt-pt\/provincia-de-zamora\/#primaryimage\"},\"image\":{\"@id\":\"https:\/\/www.labretoraya.com\/pt-pt\/provincia-de-zamora\/#primaryimage\"},\"thumbnailUrl\":\"https:\/\/www.labretoraya.com\/wp-content\/uploads\/2024\/11\/zamora.png\",\"datePublished\":\"2025-03-03T08:25:51+00:00\",\"dateModified\":\"2025-05-27T14:57:07+00:00\",\"breadcrumb\":{\"@id\":\"https:\/\/www.labretoraya.com\/pt-pt\/provincia-de-zamora\/#breadcrumb\"},\"inLanguage\":\"pt-PT\",\"potentialAction\":[{\"@type\":\"ReadAction\",\"target\":[\"https:\/\/www.labretoraya.com\/pt-pt\/provincia-de-zamora\/\"]}]},{\"@type\":\"ImageObject\",\"inLanguage\":\"pt-PT\",\"@id\":\"https:\/\/www.labretoraya.com\/pt-pt\/provincia-de-zamora\/#primaryimage\",\"url\":\"https:\/\/www.labretoraya.com\/wp-content\/uploads\/2024\/11\/zamora.png\",\"contentUrl\":\"https:\/\/www.labretoraya.com\/wp-content\/uploads\/2024\/11\/zamora.png\"},{\"@type\":\"BreadcrumbList\",\"@id\":\"https:\/\/www.labretoraya.com\/pt-pt\/provincia-de-zamora\/#breadcrumb\",\"itemListElement\":[{\"@type\":\"ListItem\",\"position\":1,\"name\":\"Inicio\",\"item\":\"https:\/\/www.labretoraya.com\/pt-pt\/\"},{\"@type\":\"ListItem\",\"position\":2,\"name\":\"Prov\u00edncia de ZAMORA\"}]},{\"@type\":\"WebSite\",\"@id\":\"https:\/\/www.labretoraya.com\/pt-pt\/#website\",\"url\":\"https:\/\/www.labretoraya.com\/pt-pt\/\",\"name\":\"\",\"description\":\"\",\"potentialAction\":[{\"@type\":\"SearchAction\",\"target\":{\"@type\":\"EntryPoint\",\"urlTemplate\":\"https:\/\/www.labretoraya.com\/pt-pt\/?s={search_term_string}\"},\"query-input\":{\"@type\":\"PropertyValueSpecification\",\"valueRequired\":true,\"valueName\":\"search_term_string\"}}],\"inLanguage\":\"pt-PT\"}]}<\/script>\n<!-- \/ Yoast SEO plugin. -->","yoast_head_json":{"title":"Prov\u00edncia de ZAMORA -","robots":{"index":"index","follow":"follow","max-snippet":"max-snippet:-1","max-image-preview":"max-image-preview:large","max-video-preview":"max-video-preview:-1"},"canonical":"https:\/\/www.labretoraya.com\/pt-pt\/provincia-de-zamora\/","og_locale":"pt_PT","og_type":"article","og_title":"Prov\u00edncia de ZAMORA -","og_description":"ZAMORA Nesta sec\u00e7\u00e3o, encontrar\u00e1 informa\u00e7\u00f5es \u00fateis sobre a prov\u00edncia de Zamora: o seu territ\u00f3rio, os servi\u00e7os dispon\u00edveis, oportunidades de emprego, habita\u00e7\u00e3o e muito mais. Se est\u00e1 a pensar estabelecer-se na zona, n\u00e3o hesite em contactar-nos atrav\u00e9s do formul\u00e1rio correspondente ou ligue para o n\u00famero +34 608 38 67 59. Teremos todo o gosto em ajudar. [&hellip;]","og_url":"https:\/\/www.labretoraya.com\/pt-pt\/provincia-de-zamora\/","article_modified_time":"2025-05-27T14:57:07+00:00","og_image":[{"width":304,"height":249,"url":"https:\/\/www.labretoraya.com\/wp-content\/uploads\/2024\/11\/zamora.png","type":"image\/png"}],"twitter_card":"summary_large_image","twitter_misc":{"Tempo estimado de leitura":"1 minuto"},"schema":{"@context":"https:\/\/schema.org","@graph":[{"@type":"WebPage","@id":"https:\/\/www.labretoraya.com\/pt-pt\/provincia-de-zamora\/","url":"https:\/\/www.labretoraya.com\/pt-pt\/provincia-de-zamora\/","name":"Prov\u00edncia de ZAMORA -","isPartOf":{"@id":"https:\/\/www.labretoraya.com\/pt-pt\/#website"},"primaryImageOfPage":{"@id":"https:\/\/www.labretoraya.com\/pt-pt\/provincia-de-zamora\/#primaryimage"},"image":{"@id":"https:\/\/www.labretoraya.com\/pt-pt\/provincia-de-zamora\/#primaryimage"},"thumbnailUrl":"https:\/\/www.labretoraya.com\/wp-content\/uploads\/2024\/11\/zamora.png","datePublished":"2025-03-03T08:25:51+00:00","dateModified":"2025-05-27T14:57:07+00:00","breadcrumb":{"@id":"https:\/\/www.labretoraya.com\/pt-pt\/provincia-de-zamora\/#breadcrumb"},"inLanguage":"pt-PT","potentialAction":[{"@type":"ReadAction","target":["https:\/\/www.labretoraya.com\/pt-pt\/provincia-de-zamora\/"]}]},{"@type":"ImageObject","inLanguage":"pt-PT","@id":"https:\/\/www.labretoraya.com\/pt-pt\/provincia-de-zamora\/#primaryimage","url":"https:\/\/www.labretoraya.com\/wp-content\/uploads\/2024\/11\/zamora.png","contentUrl":"https:\/\/www.labretoraya.com\/wp-content\/uploads\/2024\/11\/zamora.png"},{"@type":"BreadcrumbList","@id":"https:\/\/www.labretoraya.com\/pt-pt\/provincia-de-zamora\/#breadcrumb","itemListElement":[{"@type":"ListItem","position":1,"name":"Inicio","item":"https:\/\/www.labretoraya.com\/pt-pt\/"},{"@type":"ListItem","position":2,"name":"Prov\u00edncia de ZAMORA"}]},{"@type":"WebSite","@id":"https:\/\/www.labretoraya.com\/pt-pt\/#website","url":"https:\/\/www.labretoraya.com\/pt-pt\/","name":"","description":"","potentialAction":[{"@type":"SearchAction","target":{"@type":"EntryPoint","urlTemplate":"https:\/\/www.labretoraya.com\/pt-pt\/?s={search_term_string}"},"query-input":{"@type":"PropertyValueSpecification","valueRequired":true,"valueName":"search_term_string"}}],"inLanguage":"pt-PT"}]}},"_links":{"self":[{"href":"https:\/\/www.labretoraya.com\/pt-pt\/wp-json\/wp\/v2\/pages\/2486","targetHints":{"allow":["GET"]}}],"collection":[{"href":"https:\/\/www.labretoraya.com\/pt-pt\/wp-json\/wp\/v2\/pages"}],"about":[{"href":"https:\/\/www.labretoraya.com\/pt-pt\/wp-json\/wp\/v2\/types\/page"}],"author":[{"embeddable":true,"href":"https:\/\/www.labretoraya.com\/pt-pt\/wp-json\/wp\/v2\/users\/1"}],"replies":[{"embeddable":true,"href":"https:\/\/www.labretoraya.com\/pt-pt\/wp-json\/wp\/v2\/comments?post=2486"}],"version-history":[{"count":5,"href":"https:\/\/www.labretoraya.com\/pt-pt\/wp-json\/wp\/v2\/pages\/2486\/revisions"}],"predecessor-version":[{"id":3063,"href":"https:\/\/www.labretoraya.com\/pt-pt\/wp-json\/wp\/v2\/pages\/2486\/revisions\/3063"}],"wp:attachment":[{"href":"https:\/\/www.labretoraya.com\/pt-pt\/wp-json\/wp\/v2\/media?parent=2486"}],"curies":[{"name":"wp","href":"https:\/\/api.w.org\/{rel}","templated":true}]}}