{"id":2532,"date":"2025-01-30T13:15:13","date_gmt":"2025-01-30T12:15:13","guid":{"rendered":"https:\/\/www.labretoraya.com\/cim-douro-portugal\/"},"modified":"2025-04-21T17:34:27","modified_gmt":"2025-04-21T15:34:27","slug":"cim-douro-portugal","status":"publish","type":"page","link":"https:\/\/www.labretoraya.com\/pt-pt\/cim-douro-portugal\/","title":{"rendered":"CIM-Douro (Portugal)"},"content":{"rendered":"\t\t<div data-elementor-type=\"wp-page\" data-elementor-id=\"2532\" class=\"elementor elementor-2532 elementor-1370\">\n\t\t\t\t<div class=\"aux-parallax-section elementor-element elementor-element-e013d8c e-con-full e-flex e-con e-parent\" data-id=\"e013d8c\" data-element_type=\"container\" data-settings=\"{&quot;background_background&quot;:&quot;classic&quot;}\">\n\t\t<div class=\"elementor-element elementor-element-07751a8 e-con-full e-flex e-con e-child\" data-id=\"07751a8\" data-element_type=\"container\">\n\t\t<div class=\"elementor-element elementor-element-03a2383 e-con-full e-flex e-con e-child\" data-id=\"03a2383\" data-element_type=\"container\">\n\t\t\t\t<div class=\"elementor-element elementor-element-ca0764a elementor-widget elementor-widget-heading\" data-id=\"ca0764a\" data-element_type=\"widget\" data-widget_type=\"heading.default\">\n\t\t\t\t<div class=\"elementor-widget-container\">\n\t\t\t\t\t<h2 class=\"elementor-heading-title elementor-size-default\">NORTE DE PORTUGAL<\/h2>\t\t\t\t<\/div>\n\t\t\t\t<\/div>\n\t\t\t\t<div class=\"elementor-element elementor-element-d3bf742 elementor-widget__width-auto elementor-widget elementor-widget-text-editor\" data-id=\"d3bf742\" data-element_type=\"widget\" data-widget_type=\"text-editor.default\">\n\t\t\t\t<div class=\"elementor-widget-container\">\n\t\t\t\t\t\t\t\t\t<p>Nesta sec\u00e7\u00e3o encontra informa\u00e7\u00e3o \u00fatil sobre a regi\u00e3o do Douro: o seu territ\u00f3rio, os servi\u00e7os dispon\u00edveis, oportunidades de emprego, habita\u00e7\u00e3o e muito mais.<br>Se est\u00e1 a pensar viver na regi\u00e3o, n\u00e3o hesite em entrar em contacto atrav\u00e9s do formul\u00e1rio dispon\u00edvel. A nossa equipa ter\u00e1 todo o gosto em ajudar. <\/p>\t\t\t\t\t\t\t\t<\/div>\n\t\t\t\t<\/div>\n\t\t\t\t<\/div>\n\t\t<div class=\"elementor-element elementor-element-f44d548 e-grid e-con-full e-con e-child\" data-id=\"f44d548\" data-element_type=\"container\">\n\t\t\t\t<div class=\"elementor-element elementor-element-211466a elementor-align-center elementor-widget elementor-widget-button\" data-id=\"211466a\" data-element_type=\"widget\" data-widget_type=\"button.default\">\n\t\t\t\t<div class=\"elementor-widget-container\">\n\t\t\t\t\t\t\t\t\t<div class=\"elementor-button-wrapper\">\n\t\t\t\t\t<a class=\"elementor-button elementor-button-link elementor-size-sm\" href=\"https:\/\/www.labretoraya.com\/pt-pt\/viver-na-cim-douro\/\">\n\t\t\t\t\t\t<span class=\"elementor-button-content-wrapper\">\n\t\t\t\t\t\t\t\t\t<span class=\"elementor-button-text\">Quero estabelecer-me na regi\u00e3o do Douro<\/span>\n\t\t\t\t\t<\/span>\n\t\t\t\t\t<\/a>\n\t\t\t\t<\/div>\n\t\t\t\t\t\t\t\t<\/div>\n\t\t\t\t<\/div>\n\t\t\t\t<div class=\"elementor-element elementor-element-a500566 elementor-invisible elementor-widget elementor-widget-image\" data-id=\"a500566\" data-element_type=\"widget\" data-settings=\"{&quot;_animation&quot;:&quot;bounceIn&quot;}\" data-widget_type=\"image.default\">\n\t\t\t\t<div class=\"elementor-widget-container\">\n\t\t\t\t\t\t\t\t\t\t\t\t\t\t\t<img decoding=\"async\" width=\"232\" height=\"198\" src=\"https:\/\/www.labretoraya.com\/wp-content\/uploads\/2024\/11\/cimdouro.gif\" class=\"elementor-animation-pulse-grow attachment-large size-large wp-image-2169\" alt=\"\" \/>\t\t\t\t\t\t\t\t\t\t\t\t\t\t\t<\/div>\n\t\t\t\t<\/div>\n\t\t\t\t<div class=\"elementor-element elementor-element-6990d11 elementor-align-center elementor-widget elementor-widget-button\" data-id=\"6990d11\" data-element_type=\"widget\" data-widget_type=\"button.default\">\n\t\t\t\t<div class=\"elementor-widget-container\">\n\t\t\t\t\t\t\t\t\t<div class=\"elementor-button-wrapper\">\n\t\t\t\t\t<a class=\"elementor-button elementor-button-link elementor-size-sm\" href=\"https:\/\/www.labretoraya.com\/pt-pt\/colaboracao-com-retoraya-cim-douro\/\">\n\t\t\t\t\t\t<span class=\"elementor-button-content-wrapper\">\n\t\t\t\t\t\t\t\t\t<span class=\"elementor-button-text\">Quero colaborar com o projeto RETORAYA<\/span>\n\t\t\t\t\t<\/span>\n\t\t\t\t\t<\/a>\n\t\t\t\t<\/div>\n\t\t\t\t\t\t\t\t<\/div>\n\t\t\t\t<\/div>\n\t\t\t\t<\/div>\n\t\t\t\t<\/div>\n\t\t\t\t<\/div>\n\t\t<div class=\"aux-parallax-section elementor-element elementor-element-47ab5f7 e-flex e-con-boxed e-con e-parent\" data-id=\"47ab5f7\" data-element_type=\"container\">\n\t\t\t\t\t<div class=\"e-con-inner\">\n\t\t\t\t<div class=\"elementor-element elementor-element-c43c13e elementor-widget elementor-widget-aux_breadcrumbs\" data-id=\"c43c13e\" data-element_type=\"widget\" data-widget_type=\"aux_breadcrumbs.default\">\n\t\t\t\t<div class=\"elementor-widget-container\">\n\t\t\t\t\t<div class=\"aux-elementor-breadcrumbs\"><p class=\"aux-breadcrumbs\"><span><span><a href=\"https:\/\/www.labretoraya.com\/pt-pt\/\">Inicio<\/a><\/span><\/span><\/p><\/div>\t\t\t\t<\/div>\n\t\t\t\t<\/div>\n\t\t\t\t\t<\/div>\n\t\t\t\t<\/div>\n\t\t<div class=\"aux-parallax-section elementor-element elementor-element-add7861 e-flex e-con-boxed e-con e-parent\" data-id=\"add7861\" data-element_type=\"container\">\n\t\t\t\t\t<div class=\"e-con-inner\">\n\t\t<div class=\"elementor-element elementor-element-f2177a0 e-con-full e-flex e-con e-child\" data-id=\"f2177a0\" data-element_type=\"container\">\n\t\t\t\t<div class=\"elementor-element elementor-element-053b1bf elementor-widget__width-initial elementor-widget elementor-widget-text-editor\" data-id=\"053b1bf\" data-element_type=\"widget\" data-widget_type=\"text-editor.default\">\n\t\t\t\t<div class=\"elementor-widget-container\">\n\t\t\t\t\t\t\t\t\t<p>A <strong>Comunidade Intermunicipal do Douro<\/strong> \u00e9 um territ\u00f3rio de paisagens inesquec\u00edveis, onde os vinhedos em socalcos descem at\u00e9 ao rio e a tradi\u00e7\u00e3o vitivin\u00edcola se cruza com novas oportunidades de desenvolvimento. Este cen\u00e1rio privilegiado \u00e9 n\u00e3o s\u00f3 Patrim\u00f3nio Mundial, como tamb\u00e9m um lugar repleto de possibilidades para quem procura uma vida em contacto com a natureza e a cultura local. <\/p><p>Nesta sec\u00e7\u00e3o s\u00e3o apresentados dois munic\u00edpios onde ser\u00e1 implementada a iniciativa, promovendo o crescimento econ\u00f3mico e social no meio rural. Estas localidades oferecem uma excelente qualidade de vida, com acesso a habita\u00e7\u00e3o a pre\u00e7os acess\u00edveis, oportunidades de emprego e uma comunidade acolhedora. <\/p><p>Se est\u00e1 a pensar mudar de vida, o Douro espera por si de bra\u00e7os abertos. Atreve-se a descobrir tudo o que esta regi\u00e3o tem para oferecer? <\/p>\t\t\t\t\t\t\t\t<\/div>\n\t\t\t\t<\/div>\n\t\t\t\t<\/div>\n\t\t<div class=\"elementor-element elementor-element-9f7e0e2 e-con-full e-flex e-con e-child\" data-id=\"9f7e0e2\" data-element_type=\"container\">\n\t\t\t\t<div class=\"elementor-element elementor-element-96b8e12 elementor-widget elementor-widget-image\" data-id=\"96b8e12\" data-element_type=\"widget\" data-widget_type=\"image.default\">\n\t\t\t\t<div class=\"elementor-widget-container\">\n\t\t\t\t\t\t\t\t\t\t\t\t\t\t\t<img fetchpriority=\"high\" decoding=\"async\" width=\"1024\" height=\"943\" src=\"https:\/\/www.labretoraya.com\/wp-content\/uploads\/2025\/03\/mapa-portugal-gallo.gif\" class=\"attachment-large size-large wp-image-2266\" alt=\"\" \/>\t\t\t\t\t\t\t\t\t\t\t\t\t\t\t<\/div>\n\t\t\t\t<\/div>\n\t\t\t\t<\/div>\n\t\t\t\t\t<\/div>\n\t\t\t\t<\/div>\n\t\t<div class=\"aux-parallax-section elementor-element elementor-element-fe8cbfd e-flex e-con-boxed e-con e-parent\" data-id=\"fe8cbfd\" data-element_type=\"container\">\n\t\t\t\t\t<div class=\"e-con-inner\">\n\t\t\t\t<div class=\"elementor-element elementor-element-3fb5d38 elementor-widget elementor-widget-spacer\" data-id=\"3fb5d38\" data-element_type=\"widget\" data-widget_type=\"spacer.default\">\n\t\t\t\t<div class=\"elementor-widget-container\">\n\t\t\t\t\t\t\t<div class=\"elementor-spacer\">\n\t\t\t<div class=\"elementor-spacer-inner\"><\/div>\n\t\t<\/div>\n\t\t\t\t\t\t<\/div>\n\t\t\t\t<\/div>\n\t\t\t\t\t<\/div>\n\t\t\t\t<\/div>\n\t\t\t\t<\/div>\n\t\t","protected":false},"excerpt":{"rendered":"<p>NORTE DE PORTUGAL Nesta sec\u00e7\u00e3o encontra informa\u00e7\u00e3o \u00fatil sobre a regi\u00e3o do Douro: o seu territ\u00f3rio, os servi\u00e7os dispon\u00edveis, oportunidades de emprego, habita\u00e7\u00e3o e muito mais.Se est\u00e1 a pensar viver na regi\u00e3o, n\u00e3o hesite em entrar em contacto atrav\u00e9s do formul\u00e1rio dispon\u00edvel. A nossa equipa ter\u00e1 todo o gosto em ajudar. Quero estabelecer-me na regi\u00e3o [&hellip;]<\/p>\n","protected":false},"author":1,"featured_media":0,"parent":0,"menu_order":0,"comment_status":"closed","ping_status":"closed","template":"","meta":{"footnotes":""},"class_list":["post-2532","page","type-page","status-publish","hentry"],"yoast_head":"<!-- This site is optimized with the Yoast SEO plugin v25.9 - https:\/\/yoast.com\/wordpress\/plugins\/seo\/ -->\n<title>CIM-Douro (Portugal) -<\/title>\n<meta name=\"robots\" content=\"index, follow, max-snippet:-1, max-image-preview:large, max-video-preview:-1\" \/>\n<link rel=\"canonical\" href=\"https:\/\/www.labretoraya.com\/pt-pt\/cim-douro-portugal\/\" \/>\n<meta property=\"og:locale\" content=\"pt_PT\" \/>\n<meta property=\"og:type\" content=\"article\" \/>\n<meta property=\"og:title\" content=\"CIM-Douro (Portugal) -\" \/>\n<meta property=\"og:description\" content=\"NORTE DE PORTUGAL Nesta sec\u00e7\u00e3o encontra informa\u00e7\u00e3o \u00fatil sobre a regi\u00e3o do Douro: o seu territ\u00f3rio, os servi\u00e7os dispon\u00edveis, oportunidades de emprego, habita\u00e7\u00e3o e muito mais.Se est\u00e1 a pensar viver na regi\u00e3o, n\u00e3o hesite em entrar em contacto atrav\u00e9s do formul\u00e1rio dispon\u00edvel. A nossa equipa ter\u00e1 todo o gosto em ajudar. Quero estabelecer-me na regi\u00e3o [&hellip;]\" \/>\n<meta property=\"og:url\" content=\"https:\/\/www.labretoraya.com\/pt-pt\/cim-douro-portugal\/\" \/>\n<meta property=\"article:modified_time\" content=\"2025-04-21T15:34:27+00:00\" \/>\n<meta property=\"og:image\" content=\"https:\/\/www.labretoraya.com\/wp-content\/uploads\/2024\/11\/cimdouro.gif\" \/>\n\t<meta property=\"og:image:width\" content=\"232\" \/>\n\t<meta property=\"og:image:height\" content=\"198\" \/>\n\t<meta property=\"og:image:type\" content=\"image\/gif\" \/>\n<meta name=\"twitter:card\" content=\"summary_large_image\" \/>\n<meta name=\"twitter:label1\" content=\"Tempo estimado de leitura\" \/>\n\t<meta name=\"twitter:data1\" content=\"1 minuto\" \/>\n<script type=\"application\/ld+json\" class=\"yoast-schema-graph\">{\"@context\":\"https:\/\/schema.org\",\"@graph\":[{\"@type\":\"WebPage\",\"@id\":\"https:\/\/www.labretoraya.com\/pt-pt\/cim-douro-portugal\/\",\"url\":\"https:\/\/www.labretoraya.com\/pt-pt\/cim-douro-portugal\/\",\"name\":\"CIM-Douro (Portugal) -\",\"isPartOf\":{\"@id\":\"https:\/\/www.labretoraya.com\/pt-pt\/#website\"},\"primaryImageOfPage\":{\"@id\":\"https:\/\/www.labretoraya.com\/pt-pt\/cim-douro-portugal\/#primaryimage\"},\"image\":{\"@id\":\"https:\/\/www.labretoraya.com\/pt-pt\/cim-douro-portugal\/#primaryimage\"},\"thumbnailUrl\":\"https:\/\/www.labretoraya.com\/wp-content\/uploads\/2024\/11\/cimdouro.gif\",\"datePublished\":\"2025-01-30T12:15:13+00:00\",\"dateModified\":\"2025-04-21T15:34:27+00:00\",\"breadcrumb\":{\"@id\":\"https:\/\/www.labretoraya.com\/pt-pt\/cim-douro-portugal\/#breadcrumb\"},\"inLanguage\":\"pt-PT\",\"potentialAction\":[{\"@type\":\"ReadAction\",\"target\":[\"https:\/\/www.labretoraya.com\/pt-pt\/cim-douro-portugal\/\"]}]},{\"@type\":\"ImageObject\",\"inLanguage\":\"pt-PT\",\"@id\":\"https:\/\/www.labretoraya.com\/pt-pt\/cim-douro-portugal\/#primaryimage\",\"url\":\"https:\/\/www.labretoraya.com\/wp-content\/uploads\/2024\/11\/cimdouro.gif\",\"contentUrl\":\"https:\/\/www.labretoraya.com\/wp-content\/uploads\/2024\/11\/cimdouro.gif\"},{\"@type\":\"BreadcrumbList\",\"@id\":\"https:\/\/www.labretoraya.com\/pt-pt\/cim-douro-portugal\/#breadcrumb\",\"itemListElement\":[{\"@type\":\"ListItem\",\"position\":1,\"name\":\"Inicio\",\"item\":\"https:\/\/www.labretoraya.com\/pt-pt\/\"},{\"@type\":\"ListItem\",\"position\":2,\"name\":\"CIM-Douro (Portugal)\"}]},{\"@type\":\"WebSite\",\"@id\":\"https:\/\/www.labretoraya.com\/pt-pt\/#website\",\"url\":\"https:\/\/www.labretoraya.com\/pt-pt\/\",\"name\":\"\",\"description\":\"\",\"potentialAction\":[{\"@type\":\"SearchAction\",\"target\":{\"@type\":\"EntryPoint\",\"urlTemplate\":\"https:\/\/www.labretoraya.com\/pt-pt\/?s={search_term_string}\"},\"query-input\":{\"@type\":\"PropertyValueSpecification\",\"valueRequired\":true,\"valueName\":\"search_term_string\"}}],\"inLanguage\":\"pt-PT\"}]}<\/script>\n<!-- \/ Yoast SEO plugin. -->","yoast_head_json":{"title":"CIM-Douro (Portugal) -","robots":{"index":"index","follow":"follow","max-snippet":"max-snippet:-1","max-image-preview":"max-image-preview:large","max-video-preview":"max-video-preview:-1"},"canonical":"https:\/\/www.labretoraya.com\/pt-pt\/cim-douro-portugal\/","og_locale":"pt_PT","og_type":"article","og_title":"CIM-Douro (Portugal) -","og_description":"NORTE DE PORTUGAL Nesta sec\u00e7\u00e3o encontra informa\u00e7\u00e3o \u00fatil sobre a regi\u00e3o do Douro: o seu territ\u00f3rio, os servi\u00e7os dispon\u00edveis, oportunidades de emprego, habita\u00e7\u00e3o e muito mais.Se est\u00e1 a pensar viver na regi\u00e3o, n\u00e3o hesite em entrar em contacto atrav\u00e9s do formul\u00e1rio dispon\u00edvel. A nossa equipa ter\u00e1 todo o gosto em ajudar. Quero estabelecer-me na regi\u00e3o [&hellip;]","og_url":"https:\/\/www.labretoraya.com\/pt-pt\/cim-douro-portugal\/","article_modified_time":"2025-04-21T15:34:27+00:00","og_image":[{"width":232,"height":198,"url":"https:\/\/www.labretoraya.com\/wp-content\/uploads\/2024\/11\/cimdouro.gif","type":"image\/gif"}],"twitter_card":"summary_large_image","twitter_misc":{"Tempo estimado de leitura":"1 minuto"},"schema":{"@context":"https:\/\/schema.org","@graph":[{"@type":"WebPage","@id":"https:\/\/www.labretoraya.com\/pt-pt\/cim-douro-portugal\/","url":"https:\/\/www.labretoraya.com\/pt-pt\/cim-douro-portugal\/","name":"CIM-Douro (Portugal) -","isPartOf":{"@id":"https:\/\/www.labretoraya.com\/pt-pt\/#website"},"primaryImageOfPage":{"@id":"https:\/\/www.labretoraya.com\/pt-pt\/cim-douro-portugal\/#primaryimage"},"image":{"@id":"https:\/\/www.labretoraya.com\/pt-pt\/cim-douro-portugal\/#primaryimage"},"thumbnailUrl":"https:\/\/www.labretoraya.com\/wp-content\/uploads\/2024\/11\/cimdouro.gif","datePublished":"2025-01-30T12:15:13+00:00","dateModified":"2025-04-21T15:34:27+00:00","breadcrumb":{"@id":"https:\/\/www.labretoraya.com\/pt-pt\/cim-douro-portugal\/#breadcrumb"},"inLanguage":"pt-PT","potentialAction":[{"@type":"ReadAction","target":["https:\/\/www.labretoraya.com\/pt-pt\/cim-douro-portugal\/"]}]},{"@type":"ImageObject","inLanguage":"pt-PT","@id":"https:\/\/www.labretoraya.com\/pt-pt\/cim-douro-portugal\/#primaryimage","url":"https:\/\/www.labretoraya.com\/wp-content\/uploads\/2024\/11\/cimdouro.gif","contentUrl":"https:\/\/www.labretoraya.com\/wp-content\/uploads\/2024\/11\/cimdouro.gif"},{"@type":"BreadcrumbList","@id":"https:\/\/www.labretoraya.com\/pt-pt\/cim-douro-portugal\/#breadcrumb","itemListElement":[{"@type":"ListItem","position":1,"name":"Inicio","item":"https:\/\/www.labretoraya.com\/pt-pt\/"},{"@type":"ListItem","position":2,"name":"CIM-Douro (Portugal)"}]},{"@type":"WebSite","@id":"https:\/\/www.labretoraya.com\/pt-pt\/#website","url":"https:\/\/www.labretoraya.com\/pt-pt\/","name":"","description":"","potentialAction":[{"@type":"SearchAction","target":{"@type":"EntryPoint","urlTemplate":"https:\/\/www.labretoraya.com\/pt-pt\/?s={search_term_string}"},"query-input":{"@type":"PropertyValueSpecification","valueRequired":true,"valueName":"search_term_string"}}],"inLanguage":"pt-PT"}]}},"_links":{"self":[{"href":"https:\/\/www.labretoraya.com\/pt-pt\/wp-json\/wp\/v2\/pages\/2532","targetHints":{"allow":["GET"]}}],"collection":[{"href":"https:\/\/www.labretoraya.com\/pt-pt\/wp-json\/wp\/v2\/pages"}],"about":[{"href":"https:\/\/www.labretoraya.com\/pt-pt\/wp-json\/wp\/v2\/types\/page"}],"author":[{"embeddable":true,"href":"https:\/\/www.labretoraya.com\/pt-pt\/wp-json\/wp\/v2\/users\/1"}],"replies":[{"embeddable":true,"href":"https:\/\/www.labretoraya.com\/pt-pt\/wp-json\/wp\/v2\/comments?post=2532"}],"version-history":[{"count":2,"href":"https:\/\/www.labretoraya.com\/pt-pt\/wp-json\/wp\/v2\/pages\/2532\/revisions"}],"predecessor-version":[{"id":2534,"href":"https:\/\/www.labretoraya.com\/pt-pt\/wp-json\/wp\/v2\/pages\/2532\/revisions\/2534"}],"wp:attachment":[{"href":"https:\/\/www.labretoraya.com\/pt-pt\/wp-json\/wp\/v2\/media?parent=2532"}],"curies":[{"name":"wp","href":"https:\/\/api.w.org\/{rel}","templated":true}]}}