{"id":2585,"date":"2024-11-27T09:47:36","date_gmt":"2024-11-27T08:47:36","guid":{"rendered":"https:\/\/www.labretoraya.com\/provincia-de-salamanca\/"},"modified":"2025-07-16T08:41:48","modified_gmt":"2025-07-16T06:41:48","slug":"provincia-de-salamanca","status":"publish","type":"page","link":"https:\/\/www.labretoraya.com\/pt-pt\/provincia-de-salamanca\/","title":{"rendered":"Prov\u00edncia de Salamanca"},"content":{"rendered":"\t\t<div data-elementor-type=\"wp-page\" data-elementor-id=\"2585\" class=\"elementor elementor-2585 elementor-550\">\n\t\t\t\t<div class=\"aux-parallax-section elementor-element elementor-element-aef1073 e-con-full e-flex e-con e-parent\" data-id=\"aef1073\" data-element_type=\"container\">\n\t\t\t\t<\/div>\n\t\t<div class=\"aux-parallax-section elementor-element elementor-element-e013d8c e-con-full e-flex e-con e-parent\" data-id=\"e013d8c\" data-element_type=\"container\" data-settings=\"{&quot;background_background&quot;:&quot;classic&quot;}\">\n\t\t<div class=\"elementor-element elementor-element-07751a8 e-flex e-con-boxed e-con e-child\" data-id=\"07751a8\" data-element_type=\"container\">\n\t\t\t\t\t<div class=\"e-con-inner\">\n\t\t<div class=\"elementor-element elementor-element-03a2383 e-con-full e-flex e-con e-child\" data-id=\"03a2383\" data-element_type=\"container\">\n\t\t\t\t<div class=\"elementor-element elementor-element-ca0764a elementor-widget elementor-widget-heading\" data-id=\"ca0764a\" data-element_type=\"widget\" data-widget_type=\"heading.default\">\n\t\t\t\t<div class=\"elementor-widget-container\">\n\t\t\t\t\t<h1 class=\"elementor-heading-title elementor-size-default\">SALAMANCA<\/h1>\t\t\t\t<\/div>\n\t\t\t\t<\/div>\n\t\t\t\t<div class=\"elementor-element elementor-element-d3bf742 elementor-widget elementor-widget-text-editor\" data-id=\"d3bf742\" data-element_type=\"widget\" data-widget_type=\"text-editor.default\">\n\t\t\t\t<div class=\"elementor-widget-container\">\n\t\t\t\t\t\t\t\t\t<p>Nesta sec\u00e7\u00e3o, encontrar\u00e1 informa\u00e7\u00f5es \u00fateis sobre Salamanca: o seu territ\u00f3rio, os servi\u00e7os dispon\u00edveis, oportunidades de emprego, habita\u00e7\u00e3o e muito mais.<br>Se est\u00e1 a pensar estabelecer-se na zona, n\u00e3o hesite em contactar-nos atrav\u00e9s do formul\u00e1rio correspondente. Teremos todo o gosto em ajud\u00e1-lo. <\/p>\t\t\t\t\t\t\t\t<\/div>\n\t\t\t\t<\/div>\n\t\t\t\t<\/div>\n\t\t<div class=\"elementor-element elementor-element-f44d548 e-grid e-con-full e-con e-child\" data-id=\"f44d548\" data-element_type=\"container\">\n\t\t\t\t<div class=\"elementor-element elementor-element-211466a elementor-align-center elementor-widget__width-initial elementor-widget elementor-widget-button\" data-id=\"211466a\" data-element_type=\"widget\" data-widget_type=\"button.default\">\n\t\t\t\t<div class=\"elementor-widget-container\">\n\t\t\t\t\t\t\t\t\t<div class=\"elementor-button-wrapper\">\n\t\t\t\t\t<a class=\"elementor-button elementor-button-link elementor-size-sm\" href=\"https:\/\/www.labretoraya.com\/pt-pt\/viver-em-salamanca\/\">\n\t\t\t\t\t\t<span class=\"elementor-button-content-wrapper\">\n\t\t\t\t\t\t\t\t\t<span class=\"elementor-button-text\">Quero estabelecer-me em Salamanca<\/span>\n\t\t\t\t\t<\/span>\n\t\t\t\t\t<\/a>\n\t\t\t\t<\/div>\n\t\t\t\t\t\t\t\t<\/div>\n\t\t\t\t<\/div>\n\t\t\t\t<div class=\"elementor-element elementor-element-a500566 elementor-invisible elementor-widget elementor-widget-image\" data-id=\"a500566\" data-element_type=\"widget\" data-settings=\"{&quot;_animation&quot;:&quot;bounceIn&quot;}\" data-widget_type=\"image.default\">\n\t\t\t\t<div class=\"elementor-widget-container\">\n\t\t\t\t\t\t\t\t\t\t\t\t\t\t\t<img fetchpriority=\"high\" decoding=\"async\" width=\"315\" height=\"245\" src=\"https:\/\/www.labretoraya.com\/wp-content\/uploads\/2024\/11\/salamanca.png\" class=\"elementor-animation-pulse-grow attachment-full size-full wp-image-2148\" alt=\"\" \/>\t\t\t\t\t\t\t\t\t\t\t\t\t\t\t<\/div>\n\t\t\t\t<\/div>\n\t\t\t\t<div class=\"elementor-element elementor-element-6990d11 elementor-align-center elementor-widget__width-initial elementor-widget elementor-widget-button\" data-id=\"6990d11\" data-element_type=\"widget\" data-widget_type=\"button.default\">\n\t\t\t\t<div class=\"elementor-widget-container\">\n\t\t\t\t\t\t\t\t\t<div class=\"elementor-button-wrapper\">\n\t\t\t\t\t<a class=\"elementor-button elementor-button-link elementor-size-sm\" href=\"https:\/\/www.labretoraya.com\/pt-pt\/colaboracao-com-retoraya-salamanca\/\">\n\t\t\t\t\t\t<span class=\"elementor-button-content-wrapper\">\n\t\t\t\t\t\t\t\t\t<span class=\"elementor-button-text\">Quero colaborar com o projeto RETORAYA<\/span>\n\t\t\t\t\t<\/span>\n\t\t\t\t\t<\/a>\n\t\t\t\t<\/div>\n\t\t\t\t\t\t\t\t<\/div>\n\t\t\t\t<\/div>\n\t\t\t\t<\/div>\n\t\t\t\t\t<\/div>\n\t\t\t\t<\/div>\n\t\t<div class=\"elementor-element elementor-element-c524669 e-flex e-con-boxed e-con e-child\" data-id=\"c524669\" data-element_type=\"container\">\n\t\t\t\t\t<div class=\"e-con-inner\">\n\t\t\t\t<div class=\"elementor-element elementor-element-638be26 elementor-widget elementor-widget-spacer\" data-id=\"638be26\" data-element_type=\"widget\" data-widget_type=\"spacer.default\">\n\t\t\t\t<div class=\"elementor-widget-container\">\n\t\t\t\t\t\t\t<div class=\"elementor-spacer\">\n\t\t\t<div class=\"elementor-spacer-inner\"><\/div>\n\t\t<\/div>\n\t\t\t\t\t\t<\/div>\n\t\t\t\t<\/div>\n\t\t\t\t\t<\/div>\n\t\t\t\t<\/div>\n\t\t\t\t<\/div>\n\t\t<div class=\"aux-parallax-section elementor-element elementor-element-6b4c539 e-flex e-con-boxed e-con e-parent\" data-id=\"6b4c539\" data-element_type=\"container\">\n\t\t\t\t\t<div class=\"e-con-inner\">\n\t\t<div class=\"elementor-element elementor-element-bb94e68 e-con-full e-flex e-con e-child\" data-id=\"bb94e68\" data-element_type=\"container\">\n\t\t\t\t<div class=\"elementor-element elementor-element-0cb0c24 elementor-widget elementor-widget-aux_breadcrumbs\" data-id=\"0cb0c24\" data-element_type=\"widget\" data-widget_type=\"aux_breadcrumbs.default\">\n\t\t\t\t<div class=\"elementor-widget-container\">\n\t\t\t\t\t<div class=\"aux-elementor-breadcrumbs\"><p class=\"aux-breadcrumbs\"><span><span><a href=\"https:\/\/www.labretoraya.com\/pt-pt\/\">Inicio<\/a><\/span><\/span><\/p><\/div>\t\t\t\t<\/div>\n\t\t\t\t<\/div>\n\t\t\t\t<\/div>\n\t\t\t\t\t<\/div>\n\t\t\t\t<\/div>\n\t\t<div class=\"aux-parallax-section elementor-element elementor-element-3b46491 e-con-full e-flex e-con e-parent\" data-id=\"3b46491\" data-element_type=\"container\">\n\t\t\t\t<div class=\"elementor-element elementor-element-1d9e6c4 elementor-widget__width-initial elementor-widget-tablet__width-initial elementor-widget-mobile__width-initial elementor-widget elementor-widget-text-editor\" data-id=\"1d9e6c4\" data-element_type=\"widget\" data-widget_type=\"text-editor.default\">\n\t\t\t\t<div class=\"elementor-widget-container\">\n\t\t\t\t\t\t\t\t\t<p style=\"text-align: left;\"><strong>Salamanca \u00e9 uma prov\u00edncia repleta de hist\u00f3ria e de uma beleza<\/strong> natural incompar\u00e1vel, onde o dinamismo da sua capital universit\u00e1ria se alia \u00e0 autenticidade do mundo rural. Desde as imponentes trilhas do Campo Charro, passando pelas montanhas da Serra de B\u00e9jar, at\u00e9 \u00e0s paisagens espetaculares das Arribas do Douro, cada territ\u00f3rio possui uma identidade pr\u00f3pria e oferece oportunidades a quem procura uma mudan\u00e7a de vida. <\/p><p style=\"text-align: left;\">Nesta sec\u00e7\u00e3o, \u00e9 apresentado o territ\u00f3rio de Salamanca segundo a divis\u00e3o baseada nos Grupos de A\u00e7\u00e3o Local, entidades que atuam em diferentes zonas da prov\u00edncia com o objetivo de promover o desenvolvimento econ\u00f3mico e social em meio rural.<\/p><p style=\"text-align: left;\">Se est\u00e1 \u00e0 procura de um lugar para viver,<strong> Salamanca oferece alojamentos a pre\u00e7os acess\u00edveis, oportunidades de emprego e empreendedorismo<\/strong> e uma comunidade acolhedora, pronta para o apoiar na sua integra\u00e7\u00e3o na vida rural.<\/p><p style=\"text-align: left;\">Gostaria de descobrir tudo o que Salamanca tem para oferecer?<\/p>\t\t\t\t\t\t\t\t<\/div>\n\t\t\t\t<\/div>\n\t\t<div class=\"elementor-element elementor-element-8249028 e-con-full e-flex e-con e-child\" data-id=\"8249028\" data-element_type=\"container\" data-settings=\"{&quot;background_background&quot;:&quot;classic&quot;}\">\n\t\t\t\t<\/div>\n\t\t\t\t<\/div>\n\t\t\t\t<\/div>\n\t\t","protected":false},"excerpt":{"rendered":"<p>SALAMANCA Nesta sec\u00e7\u00e3o, encontrar\u00e1 informa\u00e7\u00f5es \u00fateis sobre Salamanca: o seu territ\u00f3rio, os servi\u00e7os dispon\u00edveis, oportunidades de emprego, habita\u00e7\u00e3o e muito mais.Se est\u00e1 a pensar estabelecer-se na zona, n\u00e3o hesite em contactar-nos atrav\u00e9s do formul\u00e1rio correspondente. Teremos todo o gosto em ajud\u00e1-lo. Quero estabelecer-me em Salamanca Quero colaborar com o projeto RETORAYA Inicio Salamanca \u00e9 uma [&hellip;]<\/p>\n","protected":false},"author":1,"featured_media":0,"parent":0,"menu_order":0,"comment_status":"closed","ping_status":"closed","template":"","meta":{"footnotes":""},"class_list":["post-2585","page","type-page","status-publish","hentry"],"yoast_head":"<!-- This site is optimized with the Yoast SEO plugin v25.9 - https:\/\/yoast.com\/wordpress\/plugins\/seo\/ -->\n<title>Prov\u00edncia de Salamanca -<\/title>\n<meta name=\"robots\" content=\"index, follow, max-snippet:-1, max-image-preview:large, max-video-preview:-1\" \/>\n<link rel=\"canonical\" href=\"https:\/\/www.labretoraya.com\/pt-pt\/provincia-de-salamanca\/\" \/>\n<meta property=\"og:locale\" content=\"pt_PT\" \/>\n<meta property=\"og:type\" content=\"article\" \/>\n<meta property=\"og:title\" content=\"Prov\u00edncia de Salamanca -\" \/>\n<meta property=\"og:description\" content=\"SALAMANCA Nesta sec\u00e7\u00e3o, encontrar\u00e1 informa\u00e7\u00f5es \u00fateis sobre Salamanca: o seu territ\u00f3rio, os servi\u00e7os dispon\u00edveis, oportunidades de emprego, habita\u00e7\u00e3o e muito mais.Se est\u00e1 a pensar estabelecer-se na zona, n\u00e3o hesite em contactar-nos atrav\u00e9s do formul\u00e1rio correspondente. Teremos todo o gosto em ajud\u00e1-lo. Quero estabelecer-me em Salamanca Quero colaborar com o projeto RETORAYA Inicio Salamanca \u00e9 uma [&hellip;]\" \/>\n<meta property=\"og:url\" content=\"https:\/\/www.labretoraya.com\/pt-pt\/provincia-de-salamanca\/\" \/>\n<meta property=\"article:modified_time\" content=\"2025-07-16T06:41:48+00:00\" \/>\n<meta property=\"og:image\" content=\"https:\/\/www.labretoraya.com\/wp-content\/uploads\/2024\/11\/salamanca.png\" \/>\n\t<meta property=\"og:image:width\" content=\"315\" \/>\n\t<meta property=\"og:image:height\" content=\"245\" \/>\n\t<meta property=\"og:image:type\" content=\"image\/png\" \/>\n<meta name=\"twitter:card\" content=\"summary_large_image\" \/>\n<meta name=\"twitter:label1\" content=\"Tempo estimado de leitura\" \/>\n\t<meta name=\"twitter:data1\" content=\"1 minuto\" \/>\n<script type=\"application\/ld+json\" class=\"yoast-schema-graph\">{\"@context\":\"https:\/\/schema.org\",\"@graph\":[{\"@type\":\"WebPage\",\"@id\":\"https:\/\/www.labretoraya.com\/pt-pt\/provincia-de-salamanca\/\",\"url\":\"https:\/\/www.labretoraya.com\/pt-pt\/provincia-de-salamanca\/\",\"name\":\"Prov\u00edncia de Salamanca -\",\"isPartOf\":{\"@id\":\"https:\/\/www.labretoraya.com\/pt-pt\/#website\"},\"primaryImageOfPage\":{\"@id\":\"https:\/\/www.labretoraya.com\/pt-pt\/provincia-de-salamanca\/#primaryimage\"},\"image\":{\"@id\":\"https:\/\/www.labretoraya.com\/pt-pt\/provincia-de-salamanca\/#primaryimage\"},\"thumbnailUrl\":\"https:\/\/www.labretoraya.com\/wp-content\/uploads\/2024\/11\/salamanca.png\",\"datePublished\":\"2024-11-27T08:47:36+00:00\",\"dateModified\":\"2025-07-16T06:41:48+00:00\",\"breadcrumb\":{\"@id\":\"https:\/\/www.labretoraya.com\/pt-pt\/provincia-de-salamanca\/#breadcrumb\"},\"inLanguage\":\"pt-PT\",\"potentialAction\":[{\"@type\":\"ReadAction\",\"target\":[\"https:\/\/www.labretoraya.com\/pt-pt\/provincia-de-salamanca\/\"]}]},{\"@type\":\"ImageObject\",\"inLanguage\":\"pt-PT\",\"@id\":\"https:\/\/www.labretoraya.com\/pt-pt\/provincia-de-salamanca\/#primaryimage\",\"url\":\"https:\/\/www.labretoraya.com\/wp-content\/uploads\/2024\/11\/salamanca.png\",\"contentUrl\":\"https:\/\/www.labretoraya.com\/wp-content\/uploads\/2024\/11\/salamanca.png\"},{\"@type\":\"BreadcrumbList\",\"@id\":\"https:\/\/www.labretoraya.com\/pt-pt\/provincia-de-salamanca\/#breadcrumb\",\"itemListElement\":[{\"@type\":\"ListItem\",\"position\":1,\"name\":\"Inicio\",\"item\":\"https:\/\/www.labretoraya.com\/pt-pt\/\"},{\"@type\":\"ListItem\",\"position\":2,\"name\":\"Prov\u00edncia de Salamanca\"}]},{\"@type\":\"WebSite\",\"@id\":\"https:\/\/www.labretoraya.com\/pt-pt\/#website\",\"url\":\"https:\/\/www.labretoraya.com\/pt-pt\/\",\"name\":\"\",\"description\":\"\",\"potentialAction\":[{\"@type\":\"SearchAction\",\"target\":{\"@type\":\"EntryPoint\",\"urlTemplate\":\"https:\/\/www.labretoraya.com\/pt-pt\/?s={search_term_string}\"},\"query-input\":{\"@type\":\"PropertyValueSpecification\",\"valueRequired\":true,\"valueName\":\"search_term_string\"}}],\"inLanguage\":\"pt-PT\"}]}<\/script>\n<!-- \/ Yoast SEO plugin. -->","yoast_head_json":{"title":"Prov\u00edncia de Salamanca -","robots":{"index":"index","follow":"follow","max-snippet":"max-snippet:-1","max-image-preview":"max-image-preview:large","max-video-preview":"max-video-preview:-1"},"canonical":"https:\/\/www.labretoraya.com\/pt-pt\/provincia-de-salamanca\/","og_locale":"pt_PT","og_type":"article","og_title":"Prov\u00edncia de Salamanca -","og_description":"SALAMANCA Nesta sec\u00e7\u00e3o, encontrar\u00e1 informa\u00e7\u00f5es \u00fateis sobre Salamanca: o seu territ\u00f3rio, os servi\u00e7os dispon\u00edveis, oportunidades de emprego, habita\u00e7\u00e3o e muito mais.Se est\u00e1 a pensar estabelecer-se na zona, n\u00e3o hesite em contactar-nos atrav\u00e9s do formul\u00e1rio correspondente. Teremos todo o gosto em ajud\u00e1-lo. Quero estabelecer-me em Salamanca Quero colaborar com o projeto RETORAYA Inicio Salamanca \u00e9 uma [&hellip;]","og_url":"https:\/\/www.labretoraya.com\/pt-pt\/provincia-de-salamanca\/","article_modified_time":"2025-07-16T06:41:48+00:00","og_image":[{"width":315,"height":245,"url":"https:\/\/www.labretoraya.com\/wp-content\/uploads\/2024\/11\/salamanca.png","type":"image\/png"}],"twitter_card":"summary_large_image","twitter_misc":{"Tempo estimado de leitura":"1 minuto"},"schema":{"@context":"https:\/\/schema.org","@graph":[{"@type":"WebPage","@id":"https:\/\/www.labretoraya.com\/pt-pt\/provincia-de-salamanca\/","url":"https:\/\/www.labretoraya.com\/pt-pt\/provincia-de-salamanca\/","name":"Prov\u00edncia de Salamanca -","isPartOf":{"@id":"https:\/\/www.labretoraya.com\/pt-pt\/#website"},"primaryImageOfPage":{"@id":"https:\/\/www.labretoraya.com\/pt-pt\/provincia-de-salamanca\/#primaryimage"},"image":{"@id":"https:\/\/www.labretoraya.com\/pt-pt\/provincia-de-salamanca\/#primaryimage"},"thumbnailUrl":"https:\/\/www.labretoraya.com\/wp-content\/uploads\/2024\/11\/salamanca.png","datePublished":"2024-11-27T08:47:36+00:00","dateModified":"2025-07-16T06:41:48+00:00","breadcrumb":{"@id":"https:\/\/www.labretoraya.com\/pt-pt\/provincia-de-salamanca\/#breadcrumb"},"inLanguage":"pt-PT","potentialAction":[{"@type":"ReadAction","target":["https:\/\/www.labretoraya.com\/pt-pt\/provincia-de-salamanca\/"]}]},{"@type":"ImageObject","inLanguage":"pt-PT","@id":"https:\/\/www.labretoraya.com\/pt-pt\/provincia-de-salamanca\/#primaryimage","url":"https:\/\/www.labretoraya.com\/wp-content\/uploads\/2024\/11\/salamanca.png","contentUrl":"https:\/\/www.labretoraya.com\/wp-content\/uploads\/2024\/11\/salamanca.png"},{"@type":"BreadcrumbList","@id":"https:\/\/www.labretoraya.com\/pt-pt\/provincia-de-salamanca\/#breadcrumb","itemListElement":[{"@type":"ListItem","position":1,"name":"Inicio","item":"https:\/\/www.labretoraya.com\/pt-pt\/"},{"@type":"ListItem","position":2,"name":"Prov\u00edncia de Salamanca"}]},{"@type":"WebSite","@id":"https:\/\/www.labretoraya.com\/pt-pt\/#website","url":"https:\/\/www.labretoraya.com\/pt-pt\/","name":"","description":"","potentialAction":[{"@type":"SearchAction","target":{"@type":"EntryPoint","urlTemplate":"https:\/\/www.labretoraya.com\/pt-pt\/?s={search_term_string}"},"query-input":{"@type":"PropertyValueSpecification","valueRequired":true,"valueName":"search_term_string"}}],"inLanguage":"pt-PT"}]}},"_links":{"self":[{"href":"https:\/\/www.labretoraya.com\/pt-pt\/wp-json\/wp\/v2\/pages\/2585","targetHints":{"allow":["GET"]}}],"collection":[{"href":"https:\/\/www.labretoraya.com\/pt-pt\/wp-json\/wp\/v2\/pages"}],"about":[{"href":"https:\/\/www.labretoraya.com\/pt-pt\/wp-json\/wp\/v2\/types\/page"}],"author":[{"embeddable":true,"href":"https:\/\/www.labretoraya.com\/pt-pt\/wp-json\/wp\/v2\/users\/1"}],"replies":[{"embeddable":true,"href":"https:\/\/www.labretoraya.com\/pt-pt\/wp-json\/wp\/v2\/comments?post=2585"}],"version-history":[{"count":5,"href":"https:\/\/www.labretoraya.com\/pt-pt\/wp-json\/wp\/v2\/pages\/2585\/revisions"}],"predecessor-version":[{"id":3252,"href":"https:\/\/www.labretoraya.com\/pt-pt\/wp-json\/wp\/v2\/pages\/2585\/revisions\/3252"}],"wp:attachment":[{"href":"https:\/\/www.labretoraya.com\/pt-pt\/wp-json\/wp\/v2\/media?parent=2585"}],"curies":[{"name":"wp","href":"https:\/\/api.w.org\/{rel}","templated":true}]}}