{"id":3234,"date":"2025-06-27T14:39:36","date_gmt":"2025-06-27T12:39:36","guid":{"rendered":"https:\/\/www.labretoraya.com\/aviso-legal\/"},"modified":"2025-07-16T08:34:37","modified_gmt":"2025-07-16T06:34:37","slug":"aviso-legal","status":"publish","type":"page","link":"https:\/\/www.labretoraya.com\/pt-pt\/aviso-legal\/","title":{"rendered":"Aviso legal"},"content":{"rendered":"\t\t<div data-elementor-type=\"wp-page\" data-elementor-id=\"3234\" class=\"elementor elementor-3234 elementor-3185\">\n\t\t\t\t<div class=\"aux-parallax-section elementor-element elementor-element-641c5fb7 e-flex e-con-boxed e-con e-parent\" data-id=\"641c5fb7\" data-element_type=\"container\">\n\t\t\t\t\t<div class=\"e-con-inner\">\n\t\t\t\t<div class=\"elementor-element elementor-element-3dac9c94 elementor-widget elementor-widget-text-editor\" data-id=\"3dac9c94\" data-element_type=\"widget\" data-widget_type=\"text-editor.default\">\n\t\t\t\t<div class=\"elementor-widget-container\">\n\t\t\t\t\t\t\t\t\t<h1> <\/h1><h1 class=\"wp-block-heading\">Aviso legal<\/h1><h2 class=\"wp-block-heading\">Informa\u00e7\u00f5es gerais<\/h2><p>Em cumprimento do dever de informa\u00e7\u00e3o previsto no artigo 10\u00ba da <strong>Lei 34\/2002<\/strong>, de 11 de julho, de <strong>Servi\u00e7os da Sociedade da Informa\u00e7\u00e3o e do Com\u00e9rcio Eletr\u00f3nico (LSSI-CE)<\/strong>, apresenta-se a seguinte informa\u00e7\u00e3o:<\/p><ul class=\"wp-block-list\"><li style=\"list-style-type: none;\"> <\/li><\/ul><p><strong>-Propriet\u00e1rio do<\/strong> s\u00edtio Web: Funda\u00e7\u00e3o INTRAS<\/p><p><strong>-CIF<\/strong>: G-47346629<\/p><p>&#8211;<strong>Sede<\/strong> social: C\/ Mart\u00edn Santos Romero 1. 47016 Valladolid, Espanha. <\/p><p> <strong> -Telefone<\/strong>: +34 983 396 403<\/p><p><strong>-E-mail<\/strong> de contacto: <a>intras@intras.es<\/a><\/p><p><strong>-Site:<\/strong> <a class=\"\" href=\"https:\/\/www.labretoraya.com\/pt-pt\/\">https:\/\/www.labretoraya.com\/<\/a><\/p><h2 class=\"wp-block-heading\">Objeto<\/h2><p>Este site foi criado para fornecer informa\u00e7\u00f5es sobre o projeto &#8220;LabretoRaya&#8221; da Fundaci\u00f3n INTRAS, bem como para oferecer conte\u00fados relacionados com as suas actividades, servi\u00e7os, not\u00edcias e projectos.<\/p><h2 class=\"wp-block-heading\">Propriedade intelectual e industrial<\/h2><p>Todos os conte\u00fados do site (incluindo, mas n\u00e3o se limitando a textos, imagens, gr\u00e1ficos, ficheiros \u00e1udio e v\u00eddeo, c\u00f3digo fonte, design gr\u00e1fico, log\u00f3tipos, marcas, etc.) s\u00e3o propriedade da <strong>Funda\u00e7\u00e3o INTRAS<\/strong> ou de terceiros que autorizaram a sua utiliza\u00e7\u00e3o. Estes conte\u00fados est\u00e3o protegidos pela legisla\u00e7\u00e3o em vigor em mat\u00e9ria de propriedade intelectual e industrial. <\/p><p>A sua reprodu\u00e7\u00e3o, distribui\u00e7\u00e3o, comunica\u00e7\u00e3o p\u00fablica ou transforma\u00e7\u00e3o, no todo ou em parte, \u00e9 proibida sem a autoriza\u00e7\u00e3o expressa da Funda\u00e7\u00e3o INTRAS.<\/p><h2 class=\"wp-block-heading\">Responsabilidade<\/h2><p>A Funda\u00e7\u00e3o INTRAS n\u00e3o se responsabiliza pela m\u00e1 utiliza\u00e7\u00e3o dos conte\u00fados do site, sendo da exclusiva responsabilidade da pessoa que acede ou utiliza esses conte\u00fados.<\/p><p>Tamb\u00e9m n\u00e3o garante a aus\u00eancia de v\u00edrus ou de outros elementos que possam causar danos nos sistemas inform\u00e1ticos dos utilizadores, pelo que n\u00e3o se responsabiliza por quaisquer danos que da\u00ed possam resultar.<\/p><h2 class=\"wp-block-heading\">Liga\u00e7\u00f5es<\/h2><p>Este s\u00edtio Web pode conter liga\u00e7\u00f5es a s\u00edtios externos sobre os quais a Funda\u00e7\u00e3o INTRAS n\u00e3o tem qualquer controlo e, por conseguinte, n\u00e3o assume qualquer responsabilidade pelo conte\u00fado, pol\u00edticas ou pr\u00e1ticas desses s\u00edtios ligados.<\/p><h2 class=\"wp-block-heading\">Lei aplic\u00e1vel e jurisdi\u00e7\u00e3o<\/h2><p>As rela\u00e7\u00f5es entre o utilizador e a Funda\u00e7\u00e3o INTRAS reger-se-\u00e3o pela legisla\u00e7\u00e3o espanhola em vigor, e qualquer controv\u00e9rsia ser\u00e1 submetida aos Julgados e Tribunais da cidade de Valladolid, salvo se a legisla\u00e7\u00e3o aplic\u00e1vel estabelecer outra jurisdi\u00e7\u00e3o.<\/p>\t\t\t\t\t\t\t\t<\/div>\n\t\t\t\t<\/div>\n\t\t\t\t\t<\/div>\n\t\t\t\t<\/div>\n\t\t\t\t<\/div>\n\t\t","protected":false},"excerpt":{"rendered":"<p>Aviso legal Informa\u00e7\u00f5es gerais Em cumprimento do dever de informa\u00e7\u00e3o previsto no artigo 10\u00ba da Lei 34\/2002, de 11 de julho, de Servi\u00e7os da Sociedade da Informa\u00e7\u00e3o e do Com\u00e9rcio Eletr\u00f3nico (LSSI-CE), apresenta-se a seguinte informa\u00e7\u00e3o: -Propriet\u00e1rio do s\u00edtio Web: Funda\u00e7\u00e3o INTRAS -CIF: G-47346629 &#8211;Sede social: C\/ Mart\u00edn Santos Romero 1. 47016 Valladolid, Espanha. -Telefone: [&hellip;]<\/p>\n","protected":false},"author":1,"featured_media":0,"parent":0,"menu_order":0,"comment_status":"closed","ping_status":"closed","template":"","meta":{"footnotes":""},"class_list":["post-3234","page","type-page","status-publish","hentry"],"yoast_head":"<!-- This site is optimized with the Yoast SEO plugin v25.9 - https:\/\/yoast.com\/wordpress\/plugins\/seo\/ -->\n<title>Aviso legal -<\/title>\n<meta name=\"robots\" content=\"index, follow, max-snippet:-1, max-image-preview:large, max-video-preview:-1\" \/>\n<link rel=\"canonical\" href=\"https:\/\/www.labretoraya.com\/pt-pt\/aviso-legal\/\" \/>\n<meta property=\"og:locale\" content=\"pt_PT\" \/>\n<meta property=\"og:type\" content=\"article\" \/>\n<meta property=\"og:title\" content=\"Aviso legal -\" \/>\n<meta property=\"og:description\" content=\"Aviso legal Informa\u00e7\u00f5es gerais Em cumprimento do dever de informa\u00e7\u00e3o previsto no artigo 10\u00ba da Lei 34\/2002, de 11 de julho, de Servi\u00e7os da Sociedade da Informa\u00e7\u00e3o e do Com\u00e9rcio Eletr\u00f3nico (LSSI-CE), apresenta-se a seguinte informa\u00e7\u00e3o: -Propriet\u00e1rio do s\u00edtio Web: Funda\u00e7\u00e3o INTRAS -CIF: G-47346629 &#8211;Sede social: C\/ Mart\u00edn Santos Romero 1. 47016 Valladolid, Espanha. -Telefone: [&hellip;]\" \/>\n<meta property=\"og:url\" content=\"https:\/\/www.labretoraya.com\/pt-pt\/aviso-legal\/\" \/>\n<meta property=\"article:modified_time\" content=\"2025-07-16T06:34:37+00:00\" \/>\n<meta name=\"twitter:card\" content=\"summary_large_image\" \/>\n<meta name=\"twitter:label1\" content=\"Tempo estimado de leitura\" \/>\n\t<meta name=\"twitter:data1\" content=\"2 minutos\" \/>\n<script type=\"application\/ld+json\" class=\"yoast-schema-graph\">{\"@context\":\"https:\/\/schema.org\",\"@graph\":[{\"@type\":\"WebPage\",\"@id\":\"https:\/\/www.labretoraya.com\/pt-pt\/aviso-legal\/\",\"url\":\"https:\/\/www.labretoraya.com\/pt-pt\/aviso-legal\/\",\"name\":\"Aviso legal -\",\"isPartOf\":{\"@id\":\"https:\/\/www.labretoraya.com\/pt-pt\/#website\"},\"datePublished\":\"2025-06-27T12:39:36+00:00\",\"dateModified\":\"2025-07-16T06:34:37+00:00\",\"breadcrumb\":{\"@id\":\"https:\/\/www.labretoraya.com\/pt-pt\/aviso-legal\/#breadcrumb\"},\"inLanguage\":\"pt-PT\",\"potentialAction\":[{\"@type\":\"ReadAction\",\"target\":[\"https:\/\/www.labretoraya.com\/pt-pt\/aviso-legal\/\"]}]},{\"@type\":\"BreadcrumbList\",\"@id\":\"https:\/\/www.labretoraya.com\/pt-pt\/aviso-legal\/#breadcrumb\",\"itemListElement\":[{\"@type\":\"ListItem\",\"position\":1,\"name\":\"Inicio\",\"item\":\"https:\/\/www.labretoraya.com\/pt-pt\/\"},{\"@type\":\"ListItem\",\"position\":2,\"name\":\"Aviso legal\"}]},{\"@type\":\"WebSite\",\"@id\":\"https:\/\/www.labretoraya.com\/pt-pt\/#website\",\"url\":\"https:\/\/www.labretoraya.com\/pt-pt\/\",\"name\":\"\",\"description\":\"\",\"potentialAction\":[{\"@type\":\"SearchAction\",\"target\":{\"@type\":\"EntryPoint\",\"urlTemplate\":\"https:\/\/www.labretoraya.com\/pt-pt\/?s={search_term_string}\"},\"query-input\":{\"@type\":\"PropertyValueSpecification\",\"valueRequired\":true,\"valueName\":\"search_term_string\"}}],\"inLanguage\":\"pt-PT\"}]}<\/script>\n<!-- \/ Yoast SEO plugin. -->","yoast_head_json":{"title":"Aviso legal -","robots":{"index":"index","follow":"follow","max-snippet":"max-snippet:-1","max-image-preview":"max-image-preview:large","max-video-preview":"max-video-preview:-1"},"canonical":"https:\/\/www.labretoraya.com\/pt-pt\/aviso-legal\/","og_locale":"pt_PT","og_type":"article","og_title":"Aviso legal -","og_description":"Aviso legal Informa\u00e7\u00f5es gerais Em cumprimento do dever de informa\u00e7\u00e3o previsto no artigo 10\u00ba da Lei 34\/2002, de 11 de julho, de Servi\u00e7os da Sociedade da Informa\u00e7\u00e3o e do Com\u00e9rcio Eletr\u00f3nico (LSSI-CE), apresenta-se a seguinte informa\u00e7\u00e3o: -Propriet\u00e1rio do s\u00edtio Web: Funda\u00e7\u00e3o INTRAS -CIF: G-47346629 &#8211;Sede social: C\/ Mart\u00edn Santos Romero 1. 47016 Valladolid, Espanha. -Telefone: [&hellip;]","og_url":"https:\/\/www.labretoraya.com\/pt-pt\/aviso-legal\/","article_modified_time":"2025-07-16T06:34:37+00:00","twitter_card":"summary_large_image","twitter_misc":{"Tempo estimado de leitura":"2 minutos"},"schema":{"@context":"https:\/\/schema.org","@graph":[{"@type":"WebPage","@id":"https:\/\/www.labretoraya.com\/pt-pt\/aviso-legal\/","url":"https:\/\/www.labretoraya.com\/pt-pt\/aviso-legal\/","name":"Aviso legal -","isPartOf":{"@id":"https:\/\/www.labretoraya.com\/pt-pt\/#website"},"datePublished":"2025-06-27T12:39:36+00:00","dateModified":"2025-07-16T06:34:37+00:00","breadcrumb":{"@id":"https:\/\/www.labretoraya.com\/pt-pt\/aviso-legal\/#breadcrumb"},"inLanguage":"pt-PT","potentialAction":[{"@type":"ReadAction","target":["https:\/\/www.labretoraya.com\/pt-pt\/aviso-legal\/"]}]},{"@type":"BreadcrumbList","@id":"https:\/\/www.labretoraya.com\/pt-pt\/aviso-legal\/#breadcrumb","itemListElement":[{"@type":"ListItem","position":1,"name":"Inicio","item":"https:\/\/www.labretoraya.com\/pt-pt\/"},{"@type":"ListItem","position":2,"name":"Aviso legal"}]},{"@type":"WebSite","@id":"https:\/\/www.labretoraya.com\/pt-pt\/#website","url":"https:\/\/www.labretoraya.com\/pt-pt\/","name":"","description":"","potentialAction":[{"@type":"SearchAction","target":{"@type":"EntryPoint","urlTemplate":"https:\/\/www.labretoraya.com\/pt-pt\/?s={search_term_string}"},"query-input":{"@type":"PropertyValueSpecification","valueRequired":true,"valueName":"search_term_string"}}],"inLanguage":"pt-PT"}]}},"_links":{"self":[{"href":"https:\/\/www.labretoraya.com\/pt-pt\/wp-json\/wp\/v2\/pages\/3234","targetHints":{"allow":["GET"]}}],"collection":[{"href":"https:\/\/www.labretoraya.com\/pt-pt\/wp-json\/wp\/v2\/pages"}],"about":[{"href":"https:\/\/www.labretoraya.com\/pt-pt\/wp-json\/wp\/v2\/types\/page"}],"author":[{"embeddable":true,"href":"https:\/\/www.labretoraya.com\/pt-pt\/wp-json\/wp\/v2\/users\/1"}],"replies":[{"embeddable":true,"href":"https:\/\/www.labretoraya.com\/pt-pt\/wp-json\/wp\/v2\/comments?post=3234"}],"version-history":[{"count":2,"href":"https:\/\/www.labretoraya.com\/pt-pt\/wp-json\/wp\/v2\/pages\/3234\/revisions"}],"predecessor-version":[{"id":3236,"href":"https:\/\/www.labretoraya.com\/pt-pt\/wp-json\/wp\/v2\/pages\/3234\/revisions\/3236"}],"wp:attachment":[{"href":"https:\/\/www.labretoraya.com\/pt-pt\/wp-json\/wp\/v2\/media?parent=3234"}],"curies":[{"name":"wp","href":"https:\/\/api.w.org\/{rel}","templated":true}]}}